{"id":7405,"date":"2025-04-22T03:30:14","date_gmt":"2025-04-22T01:30:14","guid":{"rendered":"https:\/\/impuls-leasing.pl\/vorstand-von-impuls-leasing-polska\/"},"modified":"2026-04-17T16:00:07","modified_gmt":"2026-04-17T14:00:07","slug":"vorstand-von-impuls-leasing-polska","status":"publish","type":"page","link":"https:\/\/impuls-leasing.pl\/de\/vorstand-von-impuls-leasing-polska\/","title":{"rendered":"Vorstand von IMPULS-LEASING Polska"},"content":{"rendered":"<p>[et_pb_section fb_built=&#8220;1&#8243; _builder_version=&#8220;4.27.4&#8243; use_background_color_gradient=&#8220;on&#8220; background_color_gradient_direction=&#8220;360deg&#8220; background_color_gradient_stops=&#8220;rgba(255,255,255,0) 65%|rgba(0,0,0,0.45) 100%&#8220; background_color_gradient_overlays_image=&#8220;on&#8220; background_color_gradient_start=&#8220;rgba(255,255,255,0)&#8220; background_color_gradient_start_position=&#8220;51%&#8220; background_color_gradient_end=&#8220;rgba(0,0,0,0.45)&#8220; background_image=&#8220;https:\/\/impuls-leasing.pl\/wp-content\/uploads\/2025\/04\/impuls-leasing-zarzad-bg-02-img.jpg&#8220; min_height=&#8220;545px&#8220; min_height_tablet=&#8220;auto&#8220; min_height_phone=&#8220;200px&#8220; min_height_last_edited=&#8220;on|phone&#8220; custom_padding=&#8220;34px||0px||false|false&#8220; background_last_edited=&#8220;on|phone&#8220; use_background_color_gradient_phone=&#8220;on&#8220; background_color_gradient_direction_phone=&#8220;180deg&#8220; background_color_gradient_stops_phone=&#8220;rgba(255,255,255,0) 51%|rgba(0,0,0,0.45) 100%&#8220; custom_css_main_element=&#8220;display: flex;||align-items: flex-start;\t||&#8220; locked=&#8220;off&#8220; global_colors_info=&#8220;{}&#8220; custom_css_main_element_last_edited=&#8220;on|tablet&#8220; custom_css_main_element_tablet=&#8220;display:block;||&#8220; custom_css_main_element_phone=&#8220;display: flex;||align-items: flex-end;\t||&#8220;][et_pb_row _builder_version=&#8220;4.27.4&#8243; background_enable_color=&#8220;off&#8220; max_width=&#8220;1110px&#8220; module_alignment=&#8220;center&#8220; custom_margin=&#8220;0px|0px|0px|0px|false|false&#8220; custom_padding=&#8220;|0px|10px|0px|false|false&#8220; border_radii=&#8220;on|4px|4px|4px|4px&#8220; global_colors_info=&#8220;{}&#8220;][et_pb_column type=&#8220;4_4&#8243; _builder_version=&#8220;4.27.4&#8243; global_colors_info=&#8220;{}&#8220;][et_pb_text _builder_version=&#8220;4.27.4&#8243; text_font=&#8220;Open Sans|600|||||||&#8220; text_text_color=&#8220;#FFFFFF&#8220; text_font_size=&#8220;36px&#8220; ul_line_height=&#8220;1.4em&#8220; header_font=&#8220;Montserrat|||on|||||&#8220; header_text_align=&#8220;left&#8220; header_text_color=&#8220;#ffffff&#8220; custom_margin=&#8220;||20px||false|false&#8220; custom_padding=&#8220;||||false|true&#8220; text_font_size_tablet=&#8220;36px&#8220; text_font_size_phone=&#8220;24px&#8220; text_font_size_last_edited=&#8220;on|desktop&#8220; header_text_shadow_style=&#8220;preset1&#8243; global_colors_info=&#8220;{}&#8220;]<\/p>\n<p>Vorstand von IMPULS-LEASING Polska<\/p>\n<p>und IMPULS-INSURANCE Polska<\/p>\n<p>[\/et_pb_text][\/et_pb_column][\/et_pb_row][\/et_pb_section][et_pb_section fb_built=&#8220;1&#8243; _builder_version=&#8220;4.27.4&#8243; _module_preset=&#8220;default&#8220; background_color=&#8220;#f6f6f6&#8243; custom_margin=&#8220;0px||||false|false&#8220; custom_padding=&#8220;0px||0px||false|false&#8220; saved_tabs=&#8220;all&#8220; locked=&#8220;off&#8220; global_colors_info=&#8220;{}&#8220;][et_pb_row column_structure=&#8220;1_3,2_3&#8243; use_custom_gutter=&#8220;on&#8220; gutter_width=&#8220;2&#8243; admin_label=&#8220;Wiersz&#8220; _builder_version=&#8220;4.27.4&#8243; _module_preset=&#8220;default&#8220; max_width=&#8220;1110px&#8220; custom_padding=&#8220;34px||0px||false|false&#8220; global_colors_info=&#8220;{}&#8220;][et_pb_column type=&#8220;1_3&#8243; _builder_version=&#8220;4.27.4&#8243; _module_preset=&#8220;default&#8220; background_color=&#8220;#FFFFFF&#8220; global_colors_info=&#8220;{}&#8220;][dsm_card title=&#8220;Izabela Jolanta Korczakowska&#8220; image=&#8220;https:\/\/impuls-leasing.pl\/wp-content\/uploads\/2025\/04\/impuls-leasing-zarzad-karolina-korczakowska-02-img.jpg&#8220; image_as_background=&#8220;off&#8220; button_url_new_window=&#8220;1&#8243; module_class=&#8220;.moja-karta&#8220; _builder_version=&#8220;4.27.4&#8243; _module_preset=&#8220;default&#8220; header_font=&#8220;Open Sans|700|||||||&#8220; header_text_color=&#8220;#000000&#8243; header_font_size=&#8220;16px&#8220; header_line_height=&#8220;2em&#8220; body_font=&#8220;Open Sans|600|||||||&#8220; body_text_color=&#8220;#000000&#8243; body_font_size=&#8220;12px&#8220; body_line_height=&#8220;1.5em&#8220; subhead_font=&#8220;Open Sans||||||||&#8220; subhead_text_color=&#8220;#000000&#8243; subhead_font_size=&#8220;11px&#8220; subhead_line_height=&#8220;1.8em&#8220; background_color=&#8220;#FFFFFF&#8220; custom_margin=&#8220;||0px||false|false&#8220; custom_padding=&#8220;||0px||false|false&#8220; custom_css_main_element=&#8220;.et_pb_ds_card_subtitle {||  padding-top: 0px !important; \/* lub 0px, je\u015bli chcesz usun\u0105\u0107 ca\u0142kowicie *\/||}&#8220; global_colors_info=&#8220;{}&#8220;]<\/p>\n<p>Vorstandsvorsitzender von IMPULS-LEASING Polska<br \/>Vorstandsvorsitzender von IMPULS-INSURANCE Polska<\/p>\n<p>[\/dsm_card][\/et_pb_column][et_pb_column type=&#8220;2_3&#8243; _builder_version=&#8220;4.27.4&#8243; _module_preset=&#8220;default&#8220; background_color=&#8220;#FFFFFF&#8220; border_width_left=&#8220;5px&#8220; border_color_left=&#8220;#aacc00&#8243; global_colors_info=&#8220;{}&#8220;][et_pb_heading title=&#8220;Izabela Jolanta Korczakowska&#8220; _builder_version=&#8220;4.27.4&#8243; _module_preset=&#8220;default&#8220; title_font=&#8220;Open Sans|700|||||||&#8220; title_font_size=&#8220;16px&#8220; custom_margin=&#8220;||0px||false|false&#8220; custom_padding=&#8220;47px|60px|13px|60px|false|false&#8220; custom_padding_tablet=&#8220;47px|60px|13px|60px|false|false&#8220; custom_padding_phone=&#8220;47px|30px|13px|30px|false|false&#8220; custom_padding_last_edited=&#8220;on|phone&#8220; global_colors_info=&#8220;{}&#8220;][\/et_pb_heading][et_pb_text _builder_version=&#8220;4.27.4&#8243; _module_preset=&#8220;default&#8220; text_font=&#8220;Open Sans||||||||&#8220; text_text_color=&#8220;#000000&#8243; text_font_size=&#8220;14px&#8220; text_orientation=&#8220;justified&#8220; custom_padding=&#8220;|60px|47px|60px|false|false&#8220; custom_padding_tablet=&#8220;|60px|47px|60px|false|false&#8220; custom_padding_phone=&#8220;|30px|47px|30px|false|false&#8220; custom_padding_last_edited=&#8220;on|phone&#8220; global_colors_info=&#8220;{}&#8220;]<\/p>\n<p>Izabela Jolanta Korczakowska ist seit Juli 2025 Vorstandsvorsitzende von IMPULS-LEASING Polska und seit Oktober 2024 auch Vorstandsvorsitzende von IMPULS-INSURANCE Polska. Ihre Karriere in der IMPULS-LEASING-Gruppe begann sie im Juli 2024 als Vorstandsmitglied von IMPULS-LEASING Polska und Vorstandsmitglied von IMPULS-INSURANCE Polska. Sie verf\u00fcgt \u00fcber mehr als 20 Jahre Erfahrung in den Bereichen Vertrieb, Gesch\u00e4ftsentwicklung, Projektmanagement und Personalf\u00fchrung. Seit 2013 ist sie in der Finanzbranche t\u00e4tig.<\/p>\n<p>Von November 2021 bis Mai 2024 war sie als Vertriebsdirektorin bei Societe Generale Equipment Finance t\u00e4tig. Von 2013 bis 2021 war sie bei der EFL-Gruppe in folgenden Positionen t\u00e4tig: Account Management Director bei Carefleet (CFM) (2013-2016), stellvertretende Direktorin der Vertriebsabteilung von EFL SA (2016-2018), Direktorin f\u00fcr Vertriebsprozess- und Kundenservice (2018\u20132020) und Direktorin f\u00fcr Fernabsatz und Betreuung von Gesch\u00e4ftspartnern (2020\u20132021).<\/p>\n<p>Neben ihrer Erfahrung in der Finanzbranche hatte sie auch F\u00fchrungspositionen in der Logistik- und Speditionsbranche inne, unter anderem bei PANALPINA SA (jetzt DSV Global Forwarding), wo sie f\u00fcr den Aufbau und sp\u00e4ter f\u00fcr das Management des Vertriebs und des Kundenservice verantwortlich war.<\/p>\n<p>Sie ist Absolventin der Wirtschaftsakademie in Wroc\u0142aw. Au\u00dferdem absolvierte sie ein Aufbaustudium im Bereich Internationale Lieferkettenlogistik an der Internationalen Hochschule f\u00fcr Logistik und Transport in Wroc\u0142aw sowie ein Aufbaustudium im Bereich Vertriebsmanagement an der Hochschule f\u00fcr Bankwesen in Wroc\u0142aw.<\/p>\n<p>[\/et_pb_text][\/et_pb_column][\/et_pb_row][\/et_pb_section][et_pb_section fb_built=&#8220;1&#8243; _builder_version=&#8220;4.27.4&#8243; _module_preset=&#8220;default&#8220; background_color=&#8220;#f6f6f6&#8243; custom_margin=&#8220;||0px||false|false&#8220; custom_padding=&#8220;||50px||false|false&#8220; saved_tabs=&#8220;all&#8220; locked=&#8220;off&#8220; global_colors_info=&#8220;{}&#8220;][et_pb_row column_structure=&#8220;1_3,2_3&#8243; use_custom_gutter=&#8220;on&#8220; gutter_width=&#8220;2&#8243; admin_label=&#8220;Wiersz&#8220; _builder_version=&#8220;4.27.4&#8243; _module_preset=&#8220;default&#8220; max_width=&#8220;1110px&#8220; custom_padding=&#8220;0px||0px||false|false&#8220; global_colors_info=&#8220;{}&#8220;][et_pb_column type=&#8220;1_3&#8243; _builder_version=&#8220;4.27.4&#8243; _module_preset=&#8220;default&#8220; background_color=&#8220;#FFFFFF&#8220; global_colors_info=&#8220;{}&#8220;][dsm_card title=&#8220;Micha\u0142 Karni\u0142owicz&#8220; image=&#8220;https:\/\/impuls-leasing.pl\/wp-content\/uploads\/2026\/04\/GOR_3508-Edit-scaled.jpg&#8220; image_as_background=&#8220;off&#8220; button_url_new_window=&#8220;1&#8243; module_class=&#8220;.moja-karta&#8220; _builder_version=&#8220;4.27.4&#8243; _module_preset=&#8220;default&#8220; header_font=&#8220;Open Sans|700|||||||&#8220; header_text_color=&#8220;#000000&#8243; header_font_size=&#8220;16px&#8220; header_line_height=&#8220;2em&#8220; body_font=&#8220;Open Sans|600|||||||&#8220; body_text_color=&#8220;#000000&#8243; body_font_size=&#8220;12px&#8220; body_line_height=&#8220;1.5em&#8220; subhead_font=&#8220;Open Sans||||||||&#8220; subhead_text_color=&#8220;#000000&#8243; subhead_font_size=&#8220;11px&#8220; subhead_line_height=&#8220;1.8em&#8220; background_color=&#8220;#FFFFFF&#8220; custom_margin=&#8220;||0px||false|false&#8220; custom_padding=&#8220;||0px||false|false&#8220; hover_enabled=&#8220;0&#8243; custom_css_main_element=&#8220;.et_pb_ds_card_subtitle {||  padding-top: 0px !important; \/* lub 0px, je\u015bli chcesz usun\u0105\u0107 ca\u0142kowicie *\/||}&#8220; global_colors_info=&#8220;{}&#8220; title_text=&#8220;GOR_3508-Edit&#8220; sticky_enabled=&#8220;0&#8243;]<\/p>\n<p>Vorstandsmitglied von IMPULS-LEASING Polska<br \/>Vorstandsmitglied von IMPULS-INSURANCE Polska<\/p>\n<p>[\/dsm_card][\/et_pb_column][et_pb_column type=&#8220;2_3&#8243; _builder_version=&#8220;4.27.4&#8243; _module_preset=&#8220;default&#8220; background_color=&#8220;#FFFFFF&#8220; border_width_left=&#8220;5px&#8220; border_color_left=&#8220;#aacc00&#8243; global_colors_info=&#8220;{}&#8220;][et_pb_heading title=&#8220;Micha\u0142 Karni\u0142owicz&#8220; _builder_version=&#8220;4.27.4&#8243; _module_preset=&#8220;default&#8220; title_font=&#8220;Open Sans|700|||||||&#8220; title_font_size=&#8220;16px&#8220; custom_margin=&#8220;||0px||false|false&#8220; custom_padding=&#8220;47px|60px|13px|60px|false|false&#8220; custom_padding_tablet=&#8220;47px|60px|13px|60px|false|false&#8220; custom_padding_phone=&#8220;47px|30px|13px|30px|false|false&#8220; custom_padding_last_edited=&#8220;on|phone&#8220; global_colors_info=&#8220;{}&#8220;][\/et_pb_heading][et_pb_text _builder_version=&#8220;4.27.4&#8243; _module_preset=&#8220;default&#8220; text_font=&#8220;Open Sans||||||||&#8220; text_text_color=&#8220;#000000&#8243; text_font_size=&#8220;14px&#8220; text_orientation=&#8220;justified&#8220; custom_padding=&#8220;|60px|47px|60px|false|false&#8220; custom_padding_tablet=&#8220;|60px|47px|60px|false|false&#8220; custom_padding_phone=&#8220;|30px|47px|30px|false|false&#8220; custom_padding_last_edited=&#8220;on|phone&#8220; global_colors_info=&#8220;{}&#8220;]<\/p>\n<p>Micha\u0142 Karni\u0142owicz ist Vorstandsmitglied von IMPULS-LEASING Polska und IMPULS-INSURANCE Polska und seit September 2025 f\u00fcr den Bereich Back Office verantwortlich. Er ist seit 2022 mit der IMPULS-LEASING-Gruppe verbunden, als er die Position des Finanzdirektors \u00fcbernahm.<\/p>\n<p>Er verf\u00fcgt \u00fcber fast 20 Jahre Berufserfahrung in der Finanzdienstleistungsbranche, die er in F\u00fchrungspositionen in Polen und in Mittel- und Osteuropa gesammelt hat. Er ist spezialisiert auf Finanzmanagement, Risikomanagement, Back-Office-Prozesse und die Implementierung technologischer Innovationen, darunter L\u00f6sungen im Bereich Automatisierung und k\u00fcnstliche Intelligenz. Bei der IMPULS-LEASING-Gruppe war er f\u00fcr die Entwicklung einer Strategie zum Einsatz k\u00fcnstlicher Intelligenz verantwortlich, und das von ihm geleitete Team entwarf und implementierte einen internen KI-Assistenten, der die Effizienz der gesamten Organisation steigerte.<\/p>\n<p>Bevor er zur IMPULS-LEASING-Gruppe kam, arbeitete er unter anderem bei der Digital Care Group als Finanzmanager, wo er an der Entwicklung eines internationalen Gesch\u00e4ftsmodells f\u00fcr die Vermietung von Mobilger\u00e4ten (Polen, Baltikum, S\u00fcdafrika) mitwirkte. Au\u00dferdem war er als EEA Finance Manager bei Caterpillar Financial Services f\u00fcr die Finanzen in neun osteurop\u00e4ischen L\u00e4ndern verantwortlich und als Finanzdirektor bei CFM &#8211; Business Lease Poland t\u00e4tig. Zuvor sammelte er Erfahrungen bei der AXA-Gruppe, der KBC-Gruppe und bei Ernst &amp; Young.<\/p>\n<p>Micha\u0142 Karni\u0142owicz ist Absolvent der Handelshochschule in Warschau im Fachbereich Finanzen und Rechnungswesen. Er verf\u00fcgt \u00fcber anerkannte internationale Berufsqualifikationen ACMA, CGMA, zertifiziert durch CIMA und AICPA, sowie den Titel Chartered Sustainable Finance Manager (CSFM).<\/p>\n<p>[\/et_pb_text][\/et_pb_column][\/et_pb_row][\/et_pb_section]<\/p>\n","protected":false},"excerpt":{"rendered":"<p>Vorstand von IMPULS-LEASING Polska und IMPULS-INSURANCE Polska<div class=\"et_pb_module dsm_card dsm_card_0 .moja-karta et_pb_bg_layout_light  dsm_card_layout_stacked\">\n\t\t\t\t\n\t\t\t\t\n\t\t\t\t\n\t\t\t\t\n\t\t\t\t\n\t\t\t\t\n\t\t\t\t<div class=\"et_pb_module_inner\">\n\t\t\t\t\t\n\t\t\t\n\t\t\t<figure class=\"dsm_card_image_wrapper dsm_card_badge_top_right\"><img decoding=\"async\" src=\"https:\/\/impuls-leasing.pl\/wp-content\/uploads\/2025\/04\/impuls-leasing-zarzad-karolina-korczakowska-02-img.jpg\" alt=\"\" srcset=\"https:\/\/impuls-leasing.pl\/wp-content\/uploads\/2025\/04\/impuls-leasing-zarzad-karolina-korczakowska-02-img.jpg 696w, https:\/\/impuls-leasing.pl\/wp-content\/uploads\/2025\/04\/impuls-leasing-zarzad-karolina-korczakowska-02-img-480x479.jpg 480w\" sizes=\"(min-width: 0px) and (max-width: 480px) 480px, (min-width: 481px) 696px, 100vw\" class=\"dsm_card_img dsm_card_image_stretch\" \/><\/figure>\n\t\t\t<div class=\"et_pb_module dsm_card_wrapper et_pb_text_align_left\">\n\t\t\t\t\t\n\t\t\t\t\t<h4 class=\"dsm_card_title et_pb_module_header\">Izabela Jolanta Korczakowska<\/h4>\n\t\t\t\t\t\n\t\t\t\t\t<div class=\"dsm_card_description\">Vorstandsvorsitzender von IMPULS-LEASING PolskaVorstandsvorsitzender von IMPULS-INSURANCE Polska<\/div>\n\t\t\t\t\t\n\t\t\t\t<\/div>\n\t\t\t\n\t\t\t\t<\/div>\n\t\t\t<\/div>Izabela Jolanta Korczakowska ist seit Juli 2025 Vorstandsvorsitzende von IMPULS-LEASING Polska und seit Oktober 2024 auch Vorstandsvorsitzende von IMPULS-INSURANCE Polska. Ihre Karriere in der IMPULS-LEASING-Gruppe begann sie im Juli 2024 als Vorstandsmitglied von IMPULS-LEASING Polska und Vorstandsmitglied von IMPULS-INSURANCE Polska. Sie verf\u00fcgt \u00fcber mehr als 20 Jahre Erfahrung in den Bereichen Vertrieb, Gesch\u00e4ftsentwicklung, Projektmanagement und Personalf\u00fchrung. Seit 2013 ist sie in der Finanzbranche t\u00e4tig. Von November 2021 bis Mai 2024 war sie als Vertriebsdirektorin bei Societe Generale Equipment Finance t\u00e4tig. Von 2013 bis 2021 war sie bei der EFL-Gruppe in folgenden Positionen t\u00e4tig: Account Management Director bei Carefleet (CFM) (2013-2016), stellvertretende Direktorin der Vertriebsabteilung von EFL SA (2016-2018), Direktorin f\u00fcr Vertriebsprozess- und Kundenservice (2018\u20132020) und Direktorin f\u00fcr Fernabsatz und Betreuung von Gesch\u00e4ftspartnern (2020\u20132021). Neben ihrer Erfahrung in der Finanzbranche hatte sie auch F\u00fchrungspositionen in der Logistik- und Speditionsbranche inne, unter anderem bei PANALPINA SA (jetzt DSV Global [&hellip;]<\/p>\n","protected":false},"author":1,"featured_media":0,"parent":0,"menu_order":0,"comment_status":"closed","ping_status":"closed","template":"","meta":{"_et_pb_use_builder":"on","_et_pb_old_content":"","_et_gb_content_width":"","inline_featured_image":false,"footnotes":""},"class_list":["post-7405","page","type-page","status-publish","hentry"],"yoast_head":"<!-- This site is optimized with the Yoast SEO plugin v27.2 - https:\/\/yoast.com\/product\/yoast-seo-wordpress\/ -->\n<title>Unternehmensleitung - IMPULS-LEASING Polska<\/title>\n<meta name=\"description\" content=\"Lernen Sie die F\u00fchrungskr\u00e4fte von IMPULS-LEASING Polska kennen. Ihre langj\u00e4hrige Erfahrung in der Finanzbranche garantiert Stabilit\u00e4t und Wachstum des Unternehmens.\" \/>\n<meta name=\"robots\" content=\"index, follow, max-snippet:-1, max-image-preview:large, max-video-preview:-1\" \/>\n<link rel=\"canonical\" href=\"https:\/\/impuls-leasing.pl\/de\/vorstand-von-impuls-leasing-polska\/\" \/>\n<meta property=\"og:locale\" content=\"de_DE\" \/>\n<meta property=\"og:type\" content=\"article\" \/>\n<meta property=\"og:title\" content=\"Unternehmensleitung - IMPULS-LEASING Polska\" \/>\n<meta property=\"og:description\" content=\"Lernen Sie die F\u00fchrungskr\u00e4fte von IMPULS-LEASING Polska kennen. Ihre langj\u00e4hrige Erfahrung in der Finanzbranche garantiert Stabilit\u00e4t und Wachstum des Unternehmens.\" \/>\n<meta property=\"og:url\" content=\"https:\/\/impuls-leasing.pl\/de\/vorstand-von-impuls-leasing-polska\/\" \/>\n<meta property=\"og:site_name\" content=\"IMPULS-LEASING Polska\" \/>\n<meta property=\"article:modified_time\" content=\"2026-04-17T14:00:07+00:00\" \/>\n<meta name=\"twitter:card\" content=\"summary_large_image\" \/>\n<meta name=\"twitter:label1\" content=\"Gesch\u00e4tzte Lesezeit\" \/>\n\t<meta name=\"twitter:data1\" content=\"7\u00a0Minuten\" \/>\n<script type=\"application\/ld+json\" class=\"yoast-schema-graph\">{\"@context\":\"https:\/\/schema.org\",\"@graph\":[{\"@type\":\"WebPage\",\"@id\":\"https:\/\/impuls-leasing.pl\/de\/vorstand-von-impuls-leasing-polska\/\",\"url\":\"https:\/\/impuls-leasing.pl\/de\/vorstand-von-impuls-leasing-polska\/\",\"name\":\"Unternehmensleitung - IMPULS-LEASING Polska\",\"isPartOf\":{\"@id\":\"https:\/\/impuls-leasing.pl\/de\/#website\"},\"datePublished\":\"2025-04-22T01:30:14+00:00\",\"dateModified\":\"2026-04-17T14:00:07+00:00\",\"description\":\"Lernen Sie die F\u00fchrungskr\u00e4fte von IMPULS-LEASING Polska kennen. Ihre langj\u00e4hrige Erfahrung in der Finanzbranche garantiert Stabilit\u00e4t und Wachstum des Unternehmens.\",\"breadcrumb\":{\"@id\":\"https:\/\/impuls-leasing.pl\/de\/vorstand-von-impuls-leasing-polska\/#breadcrumb\"},\"inLanguage\":\"de\",\"potentialAction\":[{\"@type\":\"ReadAction\",\"target\":[\"https:\/\/impuls-leasing.pl\/de\/vorstand-von-impuls-leasing-polska\/\"]}]},{\"@type\":\"BreadcrumbList\",\"@id\":\"https:\/\/impuls-leasing.pl\/de\/vorstand-von-impuls-leasing-polska\/#breadcrumb\",\"itemListElement\":[{\"@type\":\"ListItem\",\"position\":1,\"name\":\"Strona g\u0142\u00f3wna\",\"item\":\"https:\/\/impuls-leasing.pl\/de\/\"},{\"@type\":\"ListItem\",\"position\":2,\"name\":\"Vorstand von IMPULS-LEASING Polska\"}]},{\"@type\":\"WebSite\",\"@id\":\"https:\/\/impuls-leasing.pl\/de\/#website\",\"url\":\"https:\/\/impuls-leasing.pl\/de\/\",\"name\":\"IMPULS-LEASING Polska\",\"description\":\"finansowanie dla firm\",\"potentialAction\":[{\"@type\":\"SearchAction\",\"target\":{\"@type\":\"EntryPoint\",\"urlTemplate\":\"https:\/\/impuls-leasing.pl\/de\/?s={search_term_string}\"},\"query-input\":{\"@type\":\"PropertyValueSpecification\",\"valueRequired\":true,\"valueName\":\"search_term_string\"}}],\"inLanguage\":\"de\"}]}<\/script>\n<!-- \/ Yoast SEO plugin. -->","yoast_head_json":{"title":"Unternehmensleitung - IMPULS-LEASING Polska","description":"Lernen Sie die F\u00fchrungskr\u00e4fte von IMPULS-LEASING Polska kennen. Ihre langj\u00e4hrige Erfahrung in der Finanzbranche garantiert Stabilit\u00e4t und Wachstum des Unternehmens.","robots":{"index":"index","follow":"follow","max-snippet":"max-snippet:-1","max-image-preview":"max-image-preview:large","max-video-preview":"max-video-preview:-1"},"canonical":"https:\/\/impuls-leasing.pl\/de\/vorstand-von-impuls-leasing-polska\/","og_locale":"de_DE","og_type":"article","og_title":"Unternehmensleitung - IMPULS-LEASING Polska","og_description":"Lernen Sie die F\u00fchrungskr\u00e4fte von IMPULS-LEASING Polska kennen. Ihre langj\u00e4hrige Erfahrung in der Finanzbranche garantiert Stabilit\u00e4t und Wachstum des Unternehmens.","og_url":"https:\/\/impuls-leasing.pl\/de\/vorstand-von-impuls-leasing-polska\/","og_site_name":"IMPULS-LEASING Polska","article_modified_time":"2026-04-17T14:00:07+00:00","twitter_card":"summary_large_image","twitter_misc":{"Gesch\u00e4tzte Lesezeit":"7\u00a0Minuten"},"schema":{"@context":"https:\/\/schema.org","@graph":[{"@type":"WebPage","@id":"https:\/\/impuls-leasing.pl\/de\/vorstand-von-impuls-leasing-polska\/","url":"https:\/\/impuls-leasing.pl\/de\/vorstand-von-impuls-leasing-polska\/","name":"Unternehmensleitung - IMPULS-LEASING Polska","isPartOf":{"@id":"https:\/\/impuls-leasing.pl\/de\/#website"},"datePublished":"2025-04-22T01:30:14+00:00","dateModified":"2026-04-17T14:00:07+00:00","description":"Lernen Sie die F\u00fchrungskr\u00e4fte von IMPULS-LEASING Polska kennen. Ihre langj\u00e4hrige Erfahrung in der Finanzbranche garantiert Stabilit\u00e4t und Wachstum des Unternehmens.","breadcrumb":{"@id":"https:\/\/impuls-leasing.pl\/de\/vorstand-von-impuls-leasing-polska\/#breadcrumb"},"inLanguage":"de","potentialAction":[{"@type":"ReadAction","target":["https:\/\/impuls-leasing.pl\/de\/vorstand-von-impuls-leasing-polska\/"]}]},{"@type":"BreadcrumbList","@id":"https:\/\/impuls-leasing.pl\/de\/vorstand-von-impuls-leasing-polska\/#breadcrumb","itemListElement":[{"@type":"ListItem","position":1,"name":"Strona g\u0142\u00f3wna","item":"https:\/\/impuls-leasing.pl\/de\/"},{"@type":"ListItem","position":2,"name":"Vorstand von IMPULS-LEASING Polska"}]},{"@type":"WebSite","@id":"https:\/\/impuls-leasing.pl\/de\/#website","url":"https:\/\/impuls-leasing.pl\/de\/","name":"IMPULS-LEASING Polska","description":"finansowanie dla firm","potentialAction":[{"@type":"SearchAction","target":{"@type":"EntryPoint","urlTemplate":"https:\/\/impuls-leasing.pl\/de\/?s={search_term_string}"},"query-input":{"@type":"PropertyValueSpecification","valueRequired":true,"valueName":"search_term_string"}}],"inLanguage":"de"}]}},"_links":{"self":[{"href":"https:\/\/impuls-leasing.pl\/de\/wp-json\/wp\/v2\/pages\/7405","targetHints":{"allow":["GET"]}}],"collection":[{"href":"https:\/\/impuls-leasing.pl\/de\/wp-json\/wp\/v2\/pages"}],"about":[{"href":"https:\/\/impuls-leasing.pl\/de\/wp-json\/wp\/v2\/types\/page"}],"author":[{"embeddable":true,"href":"https:\/\/impuls-leasing.pl\/de\/wp-json\/wp\/v2\/users\/1"}],"replies":[{"embeddable":true,"href":"https:\/\/impuls-leasing.pl\/de\/wp-json\/wp\/v2\/comments?post=7405"}],"version-history":[{"count":9,"href":"https:\/\/impuls-leasing.pl\/de\/wp-json\/wp\/v2\/pages\/7405\/revisions"}],"predecessor-version":[{"id":9588,"href":"https:\/\/impuls-leasing.pl\/de\/wp-json\/wp\/v2\/pages\/7405\/revisions\/9588"}],"wp:attachment":[{"href":"https:\/\/impuls-leasing.pl\/de\/wp-json\/wp\/v2\/media?parent=7405"}],"curies":[{"name":"wp","href":"https:\/\/api.w.org\/{rel}","templated":true}]}}