{"id":7411,"date":"2025-04-25T19:50:02","date_gmt":"2025-04-25T17:50:02","guid":{"rendered":"https:\/\/impuls-leasing.pl\/die-esg-strategie\/"},"modified":"2025-05-31T19:38:37","modified_gmt":"2025-05-31T17:38:37","slug":"die-esg-strategie","status":"publish","type":"page","link":"https:\/\/impuls-leasing.pl\/de\/unser-angebot\/die-esg-strategie\/","title":{"rendered":"Die ESG-Strategie"},"content":{"rendered":"<p>[et_pb_section fb_built=&#8220;1&#8243; _builder_version=&#8220;4.27.4&#8243; use_background_color_gradient=&#8220;on&#8220; background_color_gradient_direction=&#8220;360deg&#8220; background_color_gradient_stops=&#8220;rgba(255,255,255,0) 52%|rgba(0,0,0,0.45) 100%&#8220; background_color_gradient_overlays_image=&#8220;on&#8220; background_color_gradient_start=&#8220;rgba(255,255,255,0)&#8220; background_color_gradient_start_position=&#8220;51%&#8220; background_color_gradient_end=&#8220;rgba(0,0,0,0.45)&#8220; background_image=&#8220;https:\/\/impuls-leasing.pl\/wp-content\/uploads\/2025\/04\/impuls-leasing-strategia-esg-bg-01-img.jpg&#8220; min_height=&#8220;545px&#8220; min_height_tablet=&#8220;auto&#8220; min_height_phone=&#8220;200px&#8220; min_height_last_edited=&#8220;on|phone&#8220; custom_padding=&#8220;34px||0px||false|false&#8220; background_last_edited=&#8220;on|phone&#8220; use_background_color_gradient_phone=&#8220;on&#8220; background_color_gradient_direction_phone=&#8220;180deg&#8220; background_color_gradient_stops_phone=&#8220;rgba(255,255,255,0) 12%|rgba(0,0,0,0.45) 100%&#8220; custom_css_main_element=&#8220;display: flex;||align-items: flex-start;\t||&#8220; locked=&#8220;off&#8220; global_colors_info=&#8220;{}&#8220; custom_css_main_element_last_edited=&#8220;on|tablet&#8220; custom_css_main_element_tablet=&#8220;display:block;||&#8220; custom_css_main_element_phone=&#8220;display: flex;||align-items: flex-end;\t||&#8220;][et_pb_row _builder_version=&#8220;4.27.4&#8243; background_enable_color=&#8220;off&#8220; max_width=&#8220;1110px&#8220; module_alignment=&#8220;center&#8220; custom_margin=&#8220;0px|0px|0px|0px|false|false&#8220; custom_padding=&#8220;|0px|10px|0px|false|false&#8220; border_radii=&#8220;on|4px|4px|4px|4px&#8220; global_colors_info=&#8220;{}&#8220;][et_pb_column type=&#8220;4_4&#8243; _builder_version=&#8220;4.27.4&#8243; global_colors_info=&#8220;{}&#8220;][et_pb_text _builder_version=&#8220;4.27.4&#8243; text_font=&#8220;Open Sans|600|||||||&#8220; text_text_color=&#8220;#FFFFFF&#8220; text_font_size=&#8220;36px&#8220; text_line_height=&#8220;1.2em&#8220; ul_line_height=&#8220;1.4em&#8220; header_font=&#8220;Montserrat|||on|||||&#8220; header_text_align=&#8220;left&#8220; header_text_color=&#8220;#ffffff&#8220; width=&#8220;50%&#8220; width_tablet=&#8220;50%&#8220; width_phone=&#8220;50%&#8220; width_last_edited=&#8220;on|phone&#8220; custom_margin=&#8220;||20px||false|false&#8220; custom_padding=&#8220;||||false|true&#8220; text_font_size_tablet=&#8220;36px&#8220; text_font_size_phone=&#8220;24px&#8220; text_font_size_last_edited=&#8220;on|desktop&#8220; header_text_shadow_style=&#8220;preset1&#8243; global_colors_info=&#8220;{}&#8220;]<\/p>\n<p>Wir handeln heute f\u00fcr eine bessere Zukunft<\/p>\n<p>[\/et_pb_text][et_pb_text admin_label=&#8220;Tekst&#8220; _builder_version=&#8220;4.27.4&#8243; _module_preset=&#8220;default&#8220; text_font=&#8220;Open Sans||||||||&#8220; text_text_color=&#8220;#FFFFFF&#8220; text_font_size=&#8220;18px&#8220; custom_margin=&#8220;||20px||false|false&#8220; locked=&#8220;off&#8220; global_colors_info=&#8220;{}&#8220;]<\/p>\n<p style=\"text-align: left;\">Die ESG-Strategie von IMPULS-LEASING Polska<\/p>\n<p>[\/et_pb_text][\/et_pb_column][\/et_pb_row][\/et_pb_section][et_pb_section fb_built=&#8220;1&#8243; _builder_version=&#8220;4.27.4&#8243; _module_preset=&#8220;default&#8220; background_color=&#8220;#f6f6f6&#8243; custom_margin=&#8220;||0px||false|false&#8220; custom_padding=&#8220;||0px||false|false&#8220; locked=&#8220;off&#8220; global_colors_info=&#8220;{}&#8220;][et_pb_row use_custom_gutter=&#8220;on&#8220; gutter_width=&#8220;1&#8243; _builder_version=&#8220;4.27.4&#8243; _module_preset=&#8220;default&#8220; background_color=&#8220;#FFFFFF&#8220; width=&#8220;100%&#8220; max_width=&#8220;1110px&#8220; custom_padding=&#8220;0px||0px||false|false&#8220; global_colors_info=&#8220;{}&#8220;][et_pb_column type=&#8220;4_4&#8243; _builder_version=&#8220;4.27.4&#8243; _module_preset=&#8220;default&#8220; border_width_left=&#8220;5px&#8220; border_color_left=&#8220;#AACC00&#8243; global_colors_info=&#8220;{}&#8220;][et_pb_heading title=&#8220;Unser Engagement f\u00fcr nachhaltige Entwicklung&#8220; _builder_version=&#8220;4.27.4&#8243; _module_preset=&#8220;default&#8220; title_font=&#8220;Open Sans|700|||||||&#8220; title_font_size=&#8220;16px&#8220; custom_margin=&#8220;||0px||false|false&#8220; custom_padding=&#8220;47px|90px|13px|90px|false|false&#8220; custom_padding_tablet=&#8220;47px|90px|13px|90px|false|false&#8220; custom_padding_phone=&#8220;47px|30px|13px|30px|false|false&#8220; custom_padding_last_edited=&#8220;on|phone&#8220; locked=&#8220;off&#8220; global_colors_info=&#8220;{}&#8220;][\/et_pb_heading][et_pb_text _builder_version=&#8220;4.27.4&#8243; _module_preset=&#8220;default&#8220; text_font=&#8220;Open Sans||||||||&#8220; text_text_color=&#8220;#000000&#8243; text_font_size=&#8220;14px&#8220; custom_margin=&#8220;||||false|false&#8220; custom_padding=&#8220;|90px|47px|90px|false|false&#8220; custom_padding_tablet=&#8220;|90px|47px|90px|false|false&#8220; custom_padding_phone=&#8220;|30px|47px|30px|false|false&#8220; custom_padding_last_edited=&#8220;on|phone&#8220; global_colors_info=&#8220;{}&#8220;]<\/p>\n<p>Bei IMPULS-LEASING Polska glauben wir, dass gesch\u00e4ftlicher Erfolg mit sozialer Verantwortung und Umweltbewusstsein einhergehen sollte. Deshalb bildet unsere ESG-Strategie (Environmental Social Governance) die Grundlage unseres Handelns und hilft uns, die Zukunft nachhaltig und ethisch zu gestalten. <\/p>\n<p>[\/et_pb_text][\/et_pb_column][\/et_pb_row][\/et_pb_section][et_pb_section fb_built=&#8220;1&#8243; _builder_version=&#8220;4.27.4&#8243; _module_preset=&#8220;default&#8220; background_color=&#8220;#f6f6f6&#8243; custom_margin=&#8220;||0px||false|false&#8220; custom_padding=&#8220;34px||0px||false|false&#8220; locked=&#8220;off&#8220; global_colors_info=&#8220;{}&#8220;][et_pb_row use_custom_gutter=&#8220;on&#8220; gutter_width=&#8220;1&#8243; _builder_version=&#8220;4.27.4&#8243; _module_preset=&#8220;default&#8220; background_color=&#8220;#FFFFFF&#8220; width=&#8220;100%&#8220; max_width=&#8220;1110px&#8220; custom_padding=&#8220;0px||0px||false|false&#8220; global_colors_info=&#8220;{}&#8220;][et_pb_column type=&#8220;4_4&#8243; _builder_version=&#8220;4.27.4&#8243; _module_preset=&#8220;default&#8220; border_width_left=&#8220;5px&#8220; border_color_left=&#8220;#AACC00&#8243; global_colors_info=&#8220;{}&#8220;][et_pb_heading title=&#8220;E \u2013 Umwelt&#8220; _builder_version=&#8220;4.27.4&#8243; _module_preset=&#8220;default&#8220; title_font=&#8220;Open Sans|700|||||||&#8220; title_font_size=&#8220;16px&#8220; custom_margin=&#8220;||0px||false|false&#8220; custom_padding=&#8220;47px|90px|13px|90px|false|false&#8220; custom_padding_tablet=&#8220;47px|90px|13px|90px|false|false&#8220; custom_padding_phone=&#8220;47px|30px|13px|30px|false|false&#8220; custom_padding_last_edited=&#8220;on|phone&#8220; locked=&#8220;off&#8220; global_colors_info=&#8220;{}&#8220;][\/et_pb_heading][et_pb_text _builder_version=&#8220;4.27.4&#8243; _module_preset=&#8220;default&#8220; text_font=&#8220;Open Sans||||||||&#8220; text_text_color=&#8220;#333333&#8243; text_font_size=&#8220;14px&#8220; custom_margin=&#8220;||||false|false&#8220; custom_padding=&#8220;|90px|47px|90px|false|false&#8220; custom_padding_tablet=&#8220;|90px|47px|90px|false|false&#8220; custom_padding_phone=&#8220;|30px|47px|30px|false|false&#8220; custom_padding_last_edited=&#8220;on|phone&#8220; hover_enabled=&#8220;0&#8243; global_colors_info=&#8220;{}&#8220; sticky_enabled=&#8220;0&#8243;]<\/p>\n<p>Als Leasingunternehmen haben wir einen realen Einfluss auf die Gestaltung eines nachhaltigen Verkehrs und innovativer L\u00f6sungen in der Wirtschaft. Wir ergreifen eine Reihe von Ma\u00dfnahmen, um unseren CO\u2082-Fu\u00dfabdruck zu verringern und umweltfreundliche L\u00f6sungen zu f\u00f6rdern: <\/p>\n<p><strong>Gr\u00fcnes Leasing<\/strong> \u2013 wir bieten die Finanzierung von Elektro- und Hybridfahrzeugen sowie von energieeffizienter Ausr\u00fcstung an:<\/p>\n<ul>\n<li><strong>Elektroautos <\/strong><\/li>\n<li><strong>Hybridfahrzeuge <\/strong><\/li>\n<li><strong>Fotowoltaika<\/strong><\/li>\n<\/ul>\n<p><strong>\u00d6kologisches Hauptb\u00fcro<\/strong> \u2013 wir sind Green Office-zertifiziert.<\/p>\n<ul>\n<li>Wir sind bestrebt, den Papierverbrauch durch doppelseitiges Drucken zu reduzieren.<\/li>\n<li>Wir bestellen und verwenden \u00f6kologische Marketingmaterialien.<\/li>\n<li>Wir minimieren den Plastikverbrauch durch verantwortungsbewusstes Recycling von Abf\u00e4llen.<\/li>\n<\/ul>\n<p>[\/et_pb_text][\/et_pb_column][\/et_pb_row][\/et_pb_section][et_pb_section fb_built=&#8220;1&#8243; _builder_version=&#8220;4.27.4&#8243; _module_preset=&#8220;default&#8220; background_color=&#8220;#f6f6f6&#8243; custom_margin=&#8220;||0px||false|false&#8220; custom_padding=&#8220;34px||0px||false|false&#8220; locked=&#8220;off&#8220; global_colors_info=&#8220;{}&#8220;][et_pb_row use_custom_gutter=&#8220;on&#8220; gutter_width=&#8220;1&#8243; _builder_version=&#8220;4.27.4&#8243; _module_preset=&#8220;default&#8220; background_color=&#8220;#FFFFFF&#8220; width=&#8220;100%&#8220; max_width=&#8220;1110px&#8220; custom_padding=&#8220;0px||0px||false|false&#8220; global_colors_info=&#8220;{}&#8220;][et_pb_column type=&#8220;4_4&#8243; _builder_version=&#8220;4.27.4&#8243; _module_preset=&#8220;default&#8220; border_width_left=&#8220;5px&#8220; border_color_left=&#8220;#AACC00&#8243; global_colors_info=&#8220;{}&#8220;][et_pb_heading title=&#8220;S \u2013 Soziale Verantwortung&#8220; _builder_version=&#8220;4.27.4&#8243; _module_preset=&#8220;default&#8220; title_font=&#8220;Open Sans|700|||||||&#8220; title_font_size=&#8220;16px&#8220; custom_margin=&#8220;||0px||false|false&#8220; custom_padding=&#8220;47px|90px|13px|90px|false|false&#8220; custom_padding_tablet=&#8220;47px|90px|13px|90px|false|false&#8220; custom_padding_phone=&#8220;47px|30px|13px|30px|false|false&#8220; custom_padding_last_edited=&#8220;on|phone&#8220; locked=&#8220;off&#8220; global_colors_info=&#8220;{}&#8220;][\/et_pb_heading][et_pb_text _builder_version=&#8220;4.27.4&#8243; _module_preset=&#8220;default&#8220; text_font=&#8220;Open Sans||||||||&#8220; text_text_color=&#8220;#333333&#8243; text_font_size=&#8220;14px&#8220; custom_margin=&#8220;||||false|false&#8220; custom_padding=&#8220;|90px|47px|90px|false|false&#8220; custom_padding_tablet=&#8220;|90px|47px|90px|false|false&#8220; custom_padding_phone=&#8220;|30px|47px|30px|false|false&#8220; custom_padding_last_edited=&#8220;on|phone&#8220; hover_enabled=&#8220;0&#8243; global_colors_info=&#8220;{}&#8220; sticky_enabled=&#8220;0&#8243;]<\/p>\n<p>Unsere Strategie sieht ein aktives Engagement im sozialen Leben, einen ethischen Umgang mit unseren Mitarbeitern und den Aufbau partnerschaftlicher Beziehungen zu unseren Kunden vor:<\/p>\n<ul>\n<li><strong>Compliance-Richtlinie und DSGVO<\/strong> \u2013 wir handeln in \u00dcbereinstimmung mit den geltenden Vorschriften und ethischen Standards unserer Branche.<\/li>\n<li><strong>AML-Schulungen<\/strong> \u2013 wir bek\u00e4mpfen Geldw\u00e4sche und Terrorismusfinanzierung.<\/li>\n<li><strong>Ethische Beziehungen zu Kunden<\/strong> \u2013 wir bieten transparente Leasingbedingungen und unterst\u00fctzen Unternehmer bei bewussten finanziellen Entscheidungen.<\/li>\n<li><strong>Entwicklung und Wohlbefinden der Mitarbeiter <\/strong>\u2013 wir investieren in Schulungen und Entwicklungsprogramme. Wir bieten Zugang zu Bildungsmaterialien \u2013 einer Firmenbibliothek und H\u00f6rb\u00fcchern. <\/li>\n<li><strong>Wir legen Wert auf Respekt am Arbeitsplatz<\/strong> und gute Beziehungen.<\/li>\n<li><strong>Wohlt\u00e4tigkeitsauktionen<\/strong> \u2013 wir engagieren uns in sozialen und wohlt\u00e4tigen Projekten und unterst\u00fctzen Bed\u00fcrftige (Kinderheime, Krankenh\u00e4user und Hospize).<\/li>\n<\/ul>\n<p>[\/et_pb_text][\/et_pb_column][\/et_pb_row][\/et_pb_section][et_pb_section fb_built=&#8220;1&#8243; _builder_version=&#8220;4.27.4&#8243; _module_preset=&#8220;default&#8220; background_color=&#8220;#f6f6f6&#8243; custom_margin=&#8220;||0px||false|false&#8220; custom_padding=&#8220;34px||0px||false|false&#8220; locked=&#8220;off&#8220; global_colors_info=&#8220;{}&#8220;][et_pb_row use_custom_gutter=&#8220;on&#8220; gutter_width=&#8220;1&#8243; _builder_version=&#8220;4.27.4&#8243; _module_preset=&#8220;default&#8220; background_color=&#8220;#FFFFFF&#8220; width=&#8220;100%&#8220; max_width=&#8220;1110px&#8220; custom_padding=&#8220;0px||0px||false|false&#8220; global_colors_info=&#8220;{}&#8220;][et_pb_column type=&#8220;4_4&#8243; _builder_version=&#8220;4.27.4&#8243; _module_preset=&#8220;default&#8220; border_width_left=&#8220;5px&#8220; border_color_left=&#8220;#AACC00&#8243; global_colors_info=&#8220;{}&#8220;][et_pb_heading title=&#8220;G \u2013 Corporate Governance&#8220; _builder_version=&#8220;4.27.4&#8243; _module_preset=&#8220;default&#8220; title_font=&#8220;Open Sans|700|||||||&#8220; title_font_size=&#8220;16px&#8220; custom_margin=&#8220;||0px||false|false&#8220; custom_padding=&#8220;47px|90px|13px|90px|false|false&#8220; custom_padding_tablet=&#8220;47px|90px|13px|90px|false|false&#8220; custom_padding_phone=&#8220;47px|30px|13px|30px|false|false&#8220; custom_padding_last_edited=&#8220;on|phone&#8220; locked=&#8220;off&#8220; global_colors_info=&#8220;{}&#8220;][\/et_pb_heading][et_pb_text _builder_version=&#8220;4.27.4&#8243; _module_preset=&#8220;default&#8220; text_font=&#8220;Open Sans||||||||&#8220; text_text_color=&#8220;#333333&#8243; text_font_size=&#8220;14px&#8220; custom_margin=&#8220;||||false|false&#8220; custom_padding=&#8220;|90px|47px|90px|false|false&#8220; custom_padding_tablet=&#8220;|90px|47px|90px|false|false&#8220; custom_padding_phone=&#8220;|30px|47px|30px|false|false&#8220; custom_padding_last_edited=&#8220;on|phone&#8220; hover_enabled=&#8220;0&#8243; global_colors_info=&#8220;{}&#8220; sticky_enabled=&#8220;0&#8243;]<\/p>\n<p>Wir handeln nach den h\u00f6chsten Standards der Gesch\u00e4ftsethik und achten auf Transparenz, Verantwortung und gute Managementpraktiken:<\/p>\n<ul>\n<li><strong>Transparenz und Integrit\u00e4t<\/strong> \u2013 Unsere Richtlinien und Verfahren entsprechen den besten Marktpraktiken und gesetzlichen Vorschriften und ber\u00fccksichtigen Aspekte der nachhaltigen Entwicklung.<\/li>\n<li><strong>Fortschrittliche Datensicherheit<\/strong> \u2013 Wir wenden die h\u00f6chsten Standards f\u00fcr Datensicherheit und Informationsschutz an und garantieren unseren Kunden, Partnern und Mitarbeitern ein H\u00f6chstma\u00df an Vertraulichkeit.<\/li>\n<\/ul>\n<p>[\/et_pb_text][\/et_pb_column][\/et_pb_row][\/et_pb_section][et_pb_section fb_built=&#8220;1&#8243; _builder_version=&#8220;4.27.4&#8243; _module_preset=&#8220;default&#8220; background_color=&#8220;#f6f6f6&#8243; custom_margin=&#8220;||0px||false|false&#8220; custom_padding=&#8220;34px||50px||false|false&#8220; locked=&#8220;off&#8220; global_colors_info=&#8220;{}&#8220;][et_pb_row use_custom_gutter=&#8220;on&#8220; gutter_width=&#8220;1&#8243; _builder_version=&#8220;4.27.4&#8243; _module_preset=&#8220;default&#8220; background_color=&#8220;#FFFFFF&#8220; width=&#8220;100%&#8220; max_width=&#8220;1110px&#8220; custom_padding=&#8220;0px||0px||false|false&#8220; global_colors_info=&#8220;{}&#8220;][et_pb_column type=&#8220;4_4&#8243; _builder_version=&#8220;4.27.4&#8243; _module_preset=&#8220;default&#8220; border_width_left=&#8220;5px&#8220; border_color_left=&#8220;#AACC00&#8243; global_colors_info=&#8220;{}&#8220;][et_pb_text _builder_version=&#8220;4.27.4&#8243; _module_preset=&#8220;default&#8220; text_font=&#8220;Open Sans||||||||&#8220; text_text_color=&#8220;#000000&#8243; text_font_size=&#8220;14px&#8220; custom_margin=&#8220;||||false|false&#8220; custom_padding=&#8220;47px|90px|47px|90px|false|false&#8220; custom_padding_tablet=&#8220;|90px|47px|90px|false|false&#8220; custom_padding_phone=&#8220;|30px|47px|30px|false|false&#8220; custom_padding_last_edited=&#8220;on|phone&#8220; global_colors_info=&#8220;{}&#8220;]<\/p>\n<p><strong>Unsere ESG-Strategie besteht nicht nur aus Erkl\u00e4rungen<\/strong>, sondern aus konkreten Ma\u00dfnahmen, die wir jeden Tag umsetzen. Gemeinsam gestalten wir eine Zukunft, die auf verantwortungsvoller Entwicklung, Innovation und Umweltschutz basiert. <\/p>\n<p>Wir laden Sie zur Zusammenarbeit ein, um gemeinsam eine bessere, nachhaltigere Welt zu schaffen!<\/p>\n<p>[\/et_pb_text][\/et_pb_column][\/et_pb_row][\/et_pb_section]<\/p>\n","protected":false},"excerpt":{"rendered":"<p>Wir handeln heute f\u00fcr eine bessere ZukunftDie ESG-Strategie von IMPULS-LEASING PolskaBei IMPULS-LEASING Polska glauben wir, dass gesch\u00e4ftlicher Erfolg mit sozialer Verantwortung und Umweltbewusstsein einhergehen sollte. Deshalb bildet unsere ESG-Strategie (Environmental Social Governance) die Grundlage unseres Handelns und hilft uns, die Zukunft nachhaltig und ethisch zu gestalten. Als Leasingunternehmen haben wir einen realen Einfluss auf die Gestaltung eines nachhaltigen Verkehrs und innovativer L\u00f6sungen in der Wirtschaft. Wir ergreifen eine Reihe von Ma\u00dfnahmen, um unseren CO\u2082-Fu\u00dfabdruck zu verringern und umweltfreundliche L\u00f6sungen zu f\u00f6rdern: Gr\u00fcnes Leasing \u2013 wir bieten die Finanzierung von Elektro- und Hybridfahrzeugen sowie von energieeffizienter Ausr\u00fcstung an: Elektroautos Hybridfahrzeuge Fotowoltaika \u00d6kologisches Hauptb\u00fcro \u2013 wir sind Green Office-zertifiziert. Wir sind bestrebt, den Papierverbrauch durch doppelseitiges Drucken zu reduzieren. Wir bestellen und verwenden \u00f6kologische Marketingmaterialien. Wir minimieren den Plastikverbrauch durch verantwortungsbewusstes Recycling von Abf\u00e4llen. Unsere Strategie sieht ein aktives Engagement im sozialen Leben, einen ethischen Umgang mit unseren Mitarbeitern und den Aufbau partnerschaftlicher Beziehungen zu unseren Kunden vor: Compliance-Richtlinie und DSGVO \u2013 wir handeln in \u00dcbereinstimmung mit den geltenden Vorschriften und ethischen Standards unserer Branche. AML-Schulungen \u2013 wir bek\u00e4mpfen Geldw\u00e4sche und Terrorismusfinanzierung. Ethische Beziehungen zu Kunden \u2013 wir bieten transparente Leasingbedingungen und unterst\u00fctzen Unternehmer bei bewussten finanziellen Entscheidungen. Entwicklung und Wohlbefinden der [&hellip;]<\/p>\n","protected":false},"author":1,"featured_media":0,"parent":7821,"menu_order":0,"comment_status":"closed","ping_status":"closed","template":"","meta":{"_et_pb_use_builder":"on","_et_pb_old_content":"","_et_gb_content_width":"","inline_featured_image":false,"footnotes":""},"class_list":["post-7411","page","type-page","status-publish","hentry"],"yoast_head":"<!-- This site is optimized with the Yoast SEO plugin v27.2 - https:\/\/yoast.com\/product\/yoast-seo-wordpress\/ -->\n<title>ESG-Strategie - IMPULS-LEASING Polska<\/title>\n<meta name=\"description\" content=\"Erfahren Sie, wie wir unsere ESG-Strategie umsetzen \u2013 durch die Verbindung von Umweltbewusstsein, sozialer Verantwortung und h\u00f6chsten Standards der Unternehmensf\u00fchrung.\" \/>\n<meta name=\"robots\" content=\"index, follow, max-snippet:-1, max-image-preview:large, max-video-preview:-1\" \/>\n<link rel=\"canonical\" href=\"https:\/\/impuls-leasing.pl\/de\/unser-angebot\/die-esg-strategie\/\" \/>\n<meta property=\"og:locale\" content=\"de_DE\" \/>\n<meta property=\"og:type\" content=\"article\" \/>\n<meta property=\"og:title\" content=\"ESG-Strategie - IMPULS-LEASING Polska\" \/>\n<meta property=\"og:description\" content=\"Erfahren Sie, wie wir unsere ESG-Strategie umsetzen \u2013 durch die Verbindung von Umweltbewusstsein, sozialer Verantwortung und h\u00f6chsten Standards der Unternehmensf\u00fchrung.\" \/>\n<meta property=\"og:url\" content=\"https:\/\/impuls-leasing.pl\/de\/unser-angebot\/die-esg-strategie\/\" \/>\n<meta property=\"og:site_name\" content=\"IMPULS-LEASING Polska\" \/>\n<meta property=\"article:modified_time\" content=\"2025-05-31T17:38:37+00:00\" \/>\n<meta name=\"twitter:card\" content=\"summary_large_image\" \/>\n<meta name=\"twitter:label1\" content=\"Gesch\u00e4tzte Lesezeit\" \/>\n\t<meta name=\"twitter:data1\" content=\"9\u00a0Minuten\" \/>\n<script type=\"application\/ld+json\" class=\"yoast-schema-graph\">{\"@context\":\"https:\/\/schema.org\",\"@graph\":[{\"@type\":\"WebPage\",\"@id\":\"https:\/\/impuls-leasing.pl\/de\/unser-angebot\/die-esg-strategie\/\",\"url\":\"https:\/\/impuls-leasing.pl\/de\/unser-angebot\/die-esg-strategie\/\",\"name\":\"ESG-Strategie - IMPULS-LEASING Polska\",\"isPartOf\":{\"@id\":\"https:\/\/impuls-leasing.pl\/de\/#website\"},\"datePublished\":\"2025-04-25T17:50:02+00:00\",\"dateModified\":\"2025-05-31T17:38:37+00:00\",\"description\":\"Erfahren Sie, wie wir unsere ESG-Strategie umsetzen \u2013 durch die Verbindung von Umweltbewusstsein, sozialer Verantwortung und h\u00f6chsten Standards der Unternehmensf\u00fchrung.\",\"breadcrumb\":{\"@id\":\"https:\/\/impuls-leasing.pl\/de\/unser-angebot\/die-esg-strategie\/#breadcrumb\"},\"inLanguage\":\"de\",\"potentialAction\":[{\"@type\":\"ReadAction\",\"target\":[\"https:\/\/impuls-leasing.pl\/de\/unser-angebot\/die-esg-strategie\/\"]}]},{\"@type\":\"BreadcrumbList\",\"@id\":\"https:\/\/impuls-leasing.pl\/de\/unser-angebot\/die-esg-strategie\/#breadcrumb\",\"itemListElement\":[{\"@type\":\"ListItem\",\"position\":1,\"name\":\"Strona g\u0142\u00f3wna\",\"item\":\"https:\/\/impuls-leasing.pl\/de\/\"},{\"@type\":\"ListItem\",\"position\":2,\"name\":\"Unser Angebot\",\"item\":\"https:\/\/impuls-leasing.pl\/de\/unser-angebot\/\"},{\"@type\":\"ListItem\",\"position\":3,\"name\":\"Die ESG-Strategie\"}]},{\"@type\":\"WebSite\",\"@id\":\"https:\/\/impuls-leasing.pl\/de\/#website\",\"url\":\"https:\/\/impuls-leasing.pl\/de\/\",\"name\":\"IMPULS-LEASING Polska\",\"description\":\"finansowanie dla firm\",\"potentialAction\":[{\"@type\":\"SearchAction\",\"target\":{\"@type\":\"EntryPoint\",\"urlTemplate\":\"https:\/\/impuls-leasing.pl\/de\/?s={search_term_string}\"},\"query-input\":{\"@type\":\"PropertyValueSpecification\",\"valueRequired\":true,\"valueName\":\"search_term_string\"}}],\"inLanguage\":\"de\"}]}<\/script>\n<!-- \/ Yoast SEO plugin. -->","yoast_head_json":{"title":"ESG-Strategie - IMPULS-LEASING Polska","description":"Erfahren Sie, wie wir unsere ESG-Strategie umsetzen \u2013 durch die Verbindung von Umweltbewusstsein, sozialer Verantwortung und h\u00f6chsten Standards der Unternehmensf\u00fchrung.","robots":{"index":"index","follow":"follow","max-snippet":"max-snippet:-1","max-image-preview":"max-image-preview:large","max-video-preview":"max-video-preview:-1"},"canonical":"https:\/\/impuls-leasing.pl\/de\/unser-angebot\/die-esg-strategie\/","og_locale":"de_DE","og_type":"article","og_title":"ESG-Strategie - IMPULS-LEASING Polska","og_description":"Erfahren Sie, wie wir unsere ESG-Strategie umsetzen \u2013 durch die Verbindung von Umweltbewusstsein, sozialer Verantwortung und h\u00f6chsten Standards der Unternehmensf\u00fchrung.","og_url":"https:\/\/impuls-leasing.pl\/de\/unser-angebot\/die-esg-strategie\/","og_site_name":"IMPULS-LEASING Polska","article_modified_time":"2025-05-31T17:38:37+00:00","twitter_card":"summary_large_image","twitter_misc":{"Gesch\u00e4tzte Lesezeit":"9\u00a0Minuten"},"schema":{"@context":"https:\/\/schema.org","@graph":[{"@type":"WebPage","@id":"https:\/\/impuls-leasing.pl\/de\/unser-angebot\/die-esg-strategie\/","url":"https:\/\/impuls-leasing.pl\/de\/unser-angebot\/die-esg-strategie\/","name":"ESG-Strategie - IMPULS-LEASING Polska","isPartOf":{"@id":"https:\/\/impuls-leasing.pl\/de\/#website"},"datePublished":"2025-04-25T17:50:02+00:00","dateModified":"2025-05-31T17:38:37+00:00","description":"Erfahren Sie, wie wir unsere ESG-Strategie umsetzen \u2013 durch die Verbindung von Umweltbewusstsein, sozialer Verantwortung und h\u00f6chsten Standards der Unternehmensf\u00fchrung.","breadcrumb":{"@id":"https:\/\/impuls-leasing.pl\/de\/unser-angebot\/die-esg-strategie\/#breadcrumb"},"inLanguage":"de","potentialAction":[{"@type":"ReadAction","target":["https:\/\/impuls-leasing.pl\/de\/unser-angebot\/die-esg-strategie\/"]}]},{"@type":"BreadcrumbList","@id":"https:\/\/impuls-leasing.pl\/de\/unser-angebot\/die-esg-strategie\/#breadcrumb","itemListElement":[{"@type":"ListItem","position":1,"name":"Strona g\u0142\u00f3wna","item":"https:\/\/impuls-leasing.pl\/de\/"},{"@type":"ListItem","position":2,"name":"Unser Angebot","item":"https:\/\/impuls-leasing.pl\/de\/unser-angebot\/"},{"@type":"ListItem","position":3,"name":"Die ESG-Strategie"}]},{"@type":"WebSite","@id":"https:\/\/impuls-leasing.pl\/de\/#website","url":"https:\/\/impuls-leasing.pl\/de\/","name":"IMPULS-LEASING Polska","description":"finansowanie dla firm","potentialAction":[{"@type":"SearchAction","target":{"@type":"EntryPoint","urlTemplate":"https:\/\/impuls-leasing.pl\/de\/?s={search_term_string}"},"query-input":{"@type":"PropertyValueSpecification","valueRequired":true,"valueName":"search_term_string"}}],"inLanguage":"de"}]}},"_links":{"self":[{"href":"https:\/\/impuls-leasing.pl\/de\/wp-json\/wp\/v2\/pages\/7411","targetHints":{"allow":["GET"]}}],"collection":[{"href":"https:\/\/impuls-leasing.pl\/de\/wp-json\/wp\/v2\/pages"}],"about":[{"href":"https:\/\/impuls-leasing.pl\/de\/wp-json\/wp\/v2\/types\/page"}],"author":[{"embeddable":true,"href":"https:\/\/impuls-leasing.pl\/de\/wp-json\/wp\/v2\/users\/1"}],"replies":[{"embeddable":true,"href":"https:\/\/impuls-leasing.pl\/de\/wp-json\/wp\/v2\/comments?post=7411"}],"version-history":[{"count":5,"href":"https:\/\/impuls-leasing.pl\/de\/wp-json\/wp\/v2\/pages\/7411\/revisions"}],"predecessor-version":[{"id":7973,"href":"https:\/\/impuls-leasing.pl\/de\/wp-json\/wp\/v2\/pages\/7411\/revisions\/7973"}],"up":[{"embeddable":true,"href":"https:\/\/impuls-leasing.pl\/de\/wp-json\/wp\/v2\/pages\/7821"}],"wp:attachment":[{"href":"https:\/\/impuls-leasing.pl\/de\/wp-json\/wp\/v2\/media?parent=7411"}],"curies":[{"name":"wp","href":"https:\/\/api.w.org\/{rel}","templated":true}]}}