{"id":7423,"date":"2025-04-23T04:11:50","date_gmt":"2025-04-23T02:11:50","guid":{"rendered":"https:\/\/impuls-leasing.pl\/versicherungen\/"},"modified":"2025-05-23T15:44:10","modified_gmt":"2025-05-23T13:44:10","slug":"versicherungen","status":"publish","type":"page","link":"https:\/\/impuls-leasing.pl\/de\/versicherungen\/","title":{"rendered":"Versicherungen"},"content":{"rendered":"<p>[et_pb_section fb_built=&#8220;1&#8243; _builder_version=&#8220;4.27.4&#8243; use_background_color_gradient=&#8220;on&#8220; background_color_gradient_direction=&#8220;360deg&#8220; background_color_gradient_stops=&#8220;rgba(255,255,255,0) 51%|rgba(0,0,0,0.45) 100%&#8220; background_color_gradient_overlays_image=&#8220;on&#8220; background_color_gradient_start=&#8220;rgba(255,255,255,0)&#8220; background_color_gradient_start_position=&#8220;51%&#8220; background_color_gradient_end=&#8220;rgba(0,0,0,0.45)&#8220; background_image=&#8220;https:\/\/impuls-leasing.pl\/wp-content\/uploads\/2025\/04\/impuls-leasing-ubezpieczenia-bg-02-img.jpg&#8220; background_position=&#8220;bottom_center&#8220; min_height=&#8220;545px&#8220; min_height_tablet=&#8220;auto&#8220; min_height_phone=&#8220;200px&#8220; min_height_last_edited=&#8220;on|phone&#8220; custom_padding=&#8220;34px||0px||false|false&#8220; custom_css_main_element=&#8220;display: flex;||align-items: flex-start;\t||&#8220; locked=&#8220;off&#8220; global_colors_info=&#8220;{}&#8220; custom_css_main_element_last_edited=&#8220;on|tablet&#8220; custom_css_main_element_tablet=&#8220;display:block;||&#8220; custom_css_main_element_phone=&#8220;display: flex;||align-items: flex-end;\t||&#8220;][et_pb_row _builder_version=&#8220;4.27.4&#8243; background_enable_color=&#8220;off&#8220; max_width=&#8220;1110px&#8220; module_alignment=&#8220;center&#8220; custom_margin=&#8220;0px|0px|0px|0px|false|false&#8220; custom_padding=&#8220;|0px|10px|0px|false|false&#8220; border_radii=&#8220;on|4px|4px|4px|4px&#8220; global_colors_info=&#8220;{}&#8220;][et_pb_column type=&#8220;4_4&#8243; _builder_version=&#8220;4.27.4&#8243; global_colors_info=&#8220;{}&#8220;][et_pb_text _builder_version=&#8220;4.27.4&#8243; text_font=&#8220;Open Sans|600|||||||&#8220; text_text_color=&#8220;#FFFFFF&#8220; text_font_size=&#8220;36px&#8220; ul_line_height=&#8220;1.4em&#8220; header_font=&#8220;Montserrat|||on|||||&#8220; header_text_align=&#8220;left&#8220; header_text_color=&#8220;#ffffff&#8220; custom_margin=&#8220;||20px||false|false&#8220; custom_padding=&#8220;||||false|true&#8220; text_font_size_tablet=&#8220;36px&#8220; text_font_size_phone=&#8220;24px&#8220; text_font_size_last_edited=&#8220;on|desktop&#8220; header_text_shadow_style=&#8220;preset1&#8243; global_colors_info=&#8220;{}&#8220;]<\/p>\n<p>Versicherungen IMPULS-INSURANCE Polska<\/p>\n<p>[\/et_pb_text][et_pb_text admin_label=&#8220;Tekst&#8220; _builder_version=&#8220;4.27.4&#8243; _module_preset=&#8220;default&#8220; text_font=&#8220;Open Sans||||||||&#8220; text_text_color=&#8220;#FFFFFF&#8220; text_font_size=&#8220;18px&#8220; custom_margin=&#8220;||20px||false|false&#8220; locked=&#8220;off&#8220; global_colors_info=&#8220;{}&#8220;]<\/p>\n<p style=\"text-align: left;\">Ihre Sicherheit in guten H\u00e4nden<\/p>\n<p>[\/et_pb_text][\/et_pb_column][\/et_pb_row][\/et_pb_section][et_pb_section fb_built=&#8220;1&#8243; _builder_version=&#8220;4.27.4&#8243; _module_preset=&#8220;default&#8220; background_color=&#8220;#f6f6f6&#8243; custom_margin=&#8220;||0px||false|false&#8220; custom_padding=&#8220;||0px||false|false&#8220; locked=&#8220;off&#8220; global_colors_info=&#8220;{}&#8220;][et_pb_row use_custom_gutter=&#8220;on&#8220; gutter_width=&#8220;1&#8243; _builder_version=&#8220;4.27.4&#8243; _module_preset=&#8220;default&#8220; background_color=&#8220;#FFFFFF&#8220; width=&#8220;100%&#8220; max_width=&#8220;1110px&#8220; custom_padding=&#8220;0px||0px||false|false&#8220; global_colors_info=&#8220;{}&#8220;][et_pb_column type=&#8220;4_4&#8243; _builder_version=&#8220;4.27.4&#8243; _module_preset=&#8220;default&#8220; border_width_left=&#8220;5px&#8220; border_color_left=&#8220;#AACC00&#8243; global_colors_info=&#8220;{}&#8220;][et_pb_text _builder_version=&#8220;4.27.4&#8243; _module_preset=&#8220;default&#8220; text_font=&#8220;Open Sans||||||||&#8220; text_text_color=&#8220;#000000&#8243; text_font_size=&#8220;14px&#8220; custom_margin=&#8220;||||false|false&#8220; custom_padding=&#8220;47px|90px|47px|90px|false|false&#8220; custom_padding_tablet=&#8220;47px|90px|47px|90px|false|false&#8220; custom_padding_phone=&#8220;47px|30px|47px|30px|false|false&#8220; custom_padding_last_edited=&#8220;on|phone&#8220; global_colors_info=&#8220;{}&#8220;]<\/p>\n<p>Seit 2009 betreut IMPULS-INSURANCE Polska, eine 100%ige Tochtergesellschaft von IMPULS-LEASING Polska, Kunden im Bereich Versicherungen. Unsere Mission ist es, Ihnen w\u00e4hrend der gesamten Laufzeit Ihres Leasingvertrags umfassenden Schutz zu bieten. Im Schadensfall garantiert unser Partnernetzwerk eine schnelle und effektive Abwicklung, von der Meldung bis zur vollst\u00e4ndigen Reparatur.  <\/p>\n<p>[\/et_pb_text][\/et_pb_column][\/et_pb_row][\/et_pb_section][et_pb_section fb_built=&#8220;1&#8243; _builder_version=&#8220;4.27.4&#8243; _module_preset=&#8220;default&#8220; background_color=&#8220;#f6f6f6&#8243; custom_margin=&#8220;||0px||false|false&#8220; custom_padding=&#8220;34px||0px||false|false&#8220; locked=&#8220;off&#8220; global_colors_info=&#8220;{}&#8220;][et_pb_row use_custom_gutter=&#8220;on&#8220; gutter_width=&#8220;1&#8243; _builder_version=&#8220;4.27.4&#8243; _module_preset=&#8220;default&#8220; background_color=&#8220;#FFFFFF&#8220; width=&#8220;100%&#8220; max_width=&#8220;1110px&#8220; custom_padding=&#8220;0px||0px||false|false&#8220; locked=&#8220;off&#8220; global_colors_info=&#8220;{}&#8220;][et_pb_column type=&#8220;4_4&#8243; _builder_version=&#8220;4.27.4&#8243; _module_preset=&#8220;default&#8220; border_width_left=&#8220;5px&#8220; border_color_left=&#8220;#AACC00&#8243; global_colors_info=&#8220;{}&#8220;][et_pb_heading title=&#8220;Warum sollten Sie sich f\u00fcr IMPULS-INSURANCE Polska entscheiden?&#8220; _builder_version=&#8220;4.27.4&#8243; _module_preset=&#8220;default&#8220; title_font=&#8220;Open Sans|700|||||||&#8220; title_font_size=&#8220;16px&#8220; custom_margin=&#8220;||0px||false|false&#8220; custom_padding=&#8220;47px|90px|13px|90px|false|false&#8220; custom_padding_tablet=&#8220;47px|90px|13px|90px|false|false&#8220; custom_padding_phone=&#8220;47px|30px|13px|30px|false|false&#8220; custom_padding_last_edited=&#8220;on|phone&#8220; global_colors_info=&#8220;{}&#8220;][\/et_pb_heading][dsm_icon_list icon_color=&#8220;#000000&#8243; icon_gap_width=&#8220;1.6em&#8220; icon_font_size=&#8220;15px&#8220; _builder_version=&#8220;4.27.4&#8243; _module_preset=&#8220;default&#8220; text_font=&#8220;Open Sans||||||||&#8220; text_text_color=&#8220;#000000&#8243; text_line_height=&#8220;1.9em&#8220; custom_padding=&#8220;0px|90px|47px|90px|false|false&#8220; custom_padding_tablet=&#8220;0px|90px|47px|90px|false|false&#8220; custom_padding_phone=&#8220;0px|30px|47px|30px|false|false&#8220; custom_padding_last_edited=&#8220;on|phone&#8220; hover_enabled=&#8220;0&#8243; global_colors_info=&#8220;{}&#8220; sticky_enabled=&#8220;0&#8243;][dsm_icon_list_child text=&#8220;Umfassendes Angebot: Wir bieten eine breite Palette von Versicherungsprodukten, darunter Kfz-Versicherungen, Sachversicherungen, Finanzschutzversicherungen, Lebens- und Krankenversicherungen.&#8220; font_icon=&#8220;&#x4e;||divi||400&#8243; _builder_version=&#8220;4.27.4&#8243; _module_preset=&#8220;default&#8220; text_font_size=&#8220;14px&#8220; global_colors_info=&#8220;{}&#8220;][\/dsm_icon_list_child][dsm_icon_list_child text=&#8220;Zusammenarbeit mit Marktf\u00fchrern: Dank unserer Partnerschaften mit renommierten Versicherungsgesellschaften wie PZU, WARTA, HESTIA, AXA und COMPENSA bieten wir attraktive Konditionen, die auf Ihre individuellen Bed\u00fcrfnisse zugeschnitten sind.&#8220; font_icon=&#8220;&#x4e;||divi||400&#8243; icon_font_size=&#8220;15px&#8220; _builder_version=&#8220;4.27.4&#8243; _module_preset=&#8220;default&#8220; text_font_size=&#8220;14px&#8220; hover_enabled=&#8220;0&#8243; global_colors_info=&#8220;{}&#8220; sticky_enabled=&#8220;0&#8243;][\/dsm_icon_list_child][dsm_icon_list_child text=&#8220;Zeitersparnis und weniger Formalit\u00e4ten: Wenn Sie sich \u00fcber uns versichern, profitieren Sie von besonders attraktiven Konditionen und sparen Zeit, die Sie sonst f\u00fcr Formalit\u00e4ten aufwenden m\u00fcssten.&#8220; font_icon=&#8220;&#x4e;||divi||400&#8243; _builder_version=&#8220;4.27.4&#8243; _module_preset=&#8220;default&#8220; text_font_size=&#8220;14px&#8220; global_colors_info=&#8220;{}&#8220;][\/dsm_icon_list_child][dsm_icon_list_child text=&#8220;Flexibilit\u00e4t und Komfort: Sie k\u00f6nnen zwischen einer mehrj\u00e4hrigen Versicherung, monatlichen oder j\u00e4hrlichen Beitragszahlungen w\u00e4hlen und m\u00fcssen nicht auf die Verl\u00e4ngerung Ihrer Police achten.&#8220; font_icon=&#8220;&#x4e;||divi||400&#8243; _builder_version=&#8220;4.27.4&#8243; _module_preset=&#8220;default&#8220; text_font_size=&#8220;14px&#8220; global_colors_info=&#8220;{}&#8220;][\/dsm_icon_list_child][\/dsm_icon_list][\/et_pb_column][\/et_pb_row][\/et_pb_section][et_pb_section fb_built=&#8220;1&#8243; _builder_version=&#8220;4.27.4&#8243; _module_preset=&#8220;default&#8220; background_color=&#8220;#f6f6f6&#8243; custom_margin=&#8220;||0px||false|false&#8220; custom_padding=&#8220;34px||50px||false|false&#8220; locked=&#8220;off&#8220; global_colors_info=&#8220;{}&#8220;][et_pb_row use_custom_gutter=&#8220;on&#8220; gutter_width=&#8220;1&#8243; _builder_version=&#8220;4.27.4&#8243; _module_preset=&#8220;default&#8220; background_color=&#8220;#FFFFFF&#8220; width=&#8220;100%&#8220; max_width=&#8220;1110px&#8220; custom_padding=&#8220;0px||0px||false|false&#8220; locked=&#8220;off&#8220; global_colors_info=&#8220;{}&#8220;][et_pb_column type=&#8220;4_4&#8243; _builder_version=&#8220;4.27.4&#8243; _module_preset=&#8220;default&#8220; border_width_left=&#8220;5px&#8220; border_color_left=&#8220;#AACC00&#8243; global_colors_info=&#8220;{}&#8220;][et_pb_heading title=&#8220;Unsere Verpflichtung&#8220; _builder_version=&#8220;4.27.4&#8243; _module_preset=&#8220;default&#8220; title_font=&#8220;Open Sans|700|||||||&#8220; title_font_size=&#8220;16px&#8220; custom_margin=&#8220;||0px||false|false&#8220; custom_padding=&#8220;47px|90px|13px|90px|false|false&#8220; custom_padding_tablet=&#8220;47px|90px|13px|90px|false|false&#8220; custom_padding_phone=&#8220;47px|30px|13px|30px|false|false&#8220; custom_padding_last_edited=&#8220;on|phone&#8220; global_colors_info=&#8220;{}&#8220;][\/et_pb_heading][et_pb_text _builder_version=&#8220;4.27.4&#8243; _module_preset=&#8220;default&#8220; text_font=&#8220;Open Sans||||||||&#8220; text_text_color=&#8220;#000000&#8243; text_font_size=&#8220;14px&#8220; custom_margin=&#8220;0px||||false|false&#8220; custom_padding=&#8220;0px|90px|47px|90px|false|false&#8220; custom_padding_tablet=&#8220;0px|90px|47px|90px|false|false&#8220; custom_padding_phone=&#8220;0px|30px|47px|30px|false|false&#8220; custom_padding_last_edited=&#8220;on|phone&#8220; global_colors_info=&#8220;{}&#8220;]<\/p>\n<p>Bei IMPULS-INSURANCE Polska legen wir Wert auf die Qualit\u00e4t unserer Dienstleistungen und die Komplexit\u00e4t der angebotenen Versicherungsl\u00f6sungen. Wir sch\u00fctzen das Verm\u00f6gen unserer Kunden und unterst\u00fctzen sie in den schwierigsten Momenten. So bauen wir langfristige Beziehungen auf, die auf Vertrauen und Respekt basieren.  <\/p>\n<p>Vertrauen Sie uns und genie\u00dfen Sie finanzielle Sicherheit und Stabilit\u00e4t, unabh\u00e4ngig von den Umst\u00e4nden. Kontaktieren Sie uns, um mehr \u00fcber unser Angebot zu erfahren und sichern Sie Ihre Zukunft noch heute! <\/p>\n<p>[\/et_pb_text][\/et_pb_column][\/et_pb_row][\/et_pb_section]<\/p>\n","protected":false},"excerpt":{"rendered":"<p>Versicherungen IMPULS-INSURANCE PolskaIhre Sicherheit in guten H\u00e4ndenSeit 2009 betreut IMPULS-INSURANCE Polska, eine 100%ige Tochtergesellschaft von IMPULS-LEASING Polska, Kunden im Bereich Versicherungen. Unsere Mission ist es, Ihnen w\u00e4hrend der gesamten Laufzeit Ihres Leasingvertrags umfassenden Schutz zu bieten. Im Schadensfall garantiert unser Partnernetzwerk eine schnelle und effektive Abwicklung, von der Meldung bis zur vollst\u00e4ndigen Reparatur. <div class=\"et_pb_module dsm_icon_list dsm_icon_list_0\">\n\t\t\t\t\n\t\t\t\t\n\t\t\t\t\n\t\t\t\t\n\t\t\t\t\n\t\t\t\t\n\t\t\t\t<div class=\"et_pb_module_inner\">\n\t\t\t\t\t<ul class=\"dsm_icon_list_items dsm_icon_list_ltr_direction dsm_icon_list_layout_vertical\"><li class=\"dsm_icon_list_child dsm_icon_list_child_0\">\n\t\t\t\t\n\t\t\t\t\n\t\t\t\t\n\t\t\t\t\n\t\t\t\t<span class=\"dsm_icon_list_wrapper\"><span class=\"dsm_icon_list_icon\">N<\/span><\/span><span class=\"dsm_icon_list_text\">Umfassendes Angebot: Wir bieten eine breite Palette von Versicherungsprodukten, darunter Kfz-Versicherungen, Sachversicherungen, Finanzschutzversicherungen, Lebens- und Krankenversicherungen.<\/span>\n\t\t\t<\/li><li class=\"dsm_icon_list_child dsm_icon_list_child_1\">\n\t\t\t\t\n\t\t\t\t\n\t\t\t\t\n\t\t\t\t\n\t\t\t\t<span class=\"dsm_icon_list_wrapper\"><span class=\"dsm_icon_list_icon\">N<\/span><\/span><span class=\"dsm_icon_list_text\">Zusammenarbeit mit Marktf\u00fchrern: Dank unserer Partnerschaften mit renommierten Versicherungsgesellschaften wie PZU, WARTA, HESTIA, AXA und COMPENSA bieten wir attraktive Konditionen, die auf Ihre individuellen Bed\u00fcrfnisse zugeschnitten sind.<\/span>\n\t\t\t<\/li><li class=\"dsm_icon_list_child dsm_icon_list_child_2\">\n\t\t\t\t\n\t\t\t\t\n\t\t\t\t\n\t\t\t\t\n\t\t\t\t<span class=\"dsm_icon_list_wrapper\"><span class=\"dsm_icon_list_icon\">N<\/span><\/span><span class=\"dsm_icon_list_text\">Zeitersparnis und weniger Formalit\u00e4ten: Wenn Sie sich \u00fcber uns versichern, profitieren Sie von besonders attraktiven Konditionen und sparen Zeit, die Sie sonst f\u00fcr Formalit\u00e4ten aufwenden m\u00fcssten.<\/span>\n\t\t\t<\/li><li class=\"dsm_icon_list_child dsm_icon_list_child_3\">\n\t\t\t\t\n\t\t\t\t\n\t\t\t\t\n\t\t\t\t\n\t\t\t\t<span class=\"dsm_icon_list_wrapper\"><span class=\"dsm_icon_list_icon\">N<\/span><\/span><span class=\"dsm_icon_list_text\">Flexibilit\u00e4t und Komfort: Sie k\u00f6nnen zwischen einer mehrj\u00e4hrigen Versicherung, monatlichen oder j\u00e4hrlichen Beitragszahlungen w\u00e4hlen und m\u00fcssen nicht auf die Verl\u00e4ngerung Ihrer Police achten.<\/span>\n\t\t\t<\/li><\/ul>\n\t\t\t\t<\/div>\n\t\t\t<\/div>Bei IMPULS-INSURANCE Polska legen wir Wert auf die Qualit\u00e4t unserer Dienstleistungen und die Komplexit\u00e4t der angebotenen [&hellip;]<\/p>\n","protected":false},"author":1,"featured_media":0,"parent":0,"menu_order":0,"comment_status":"closed","ping_status":"closed","template":"","meta":{"_et_pb_use_builder":"on","_et_pb_old_content":"","_et_gb_content_width":"","inline_featured_image":false,"footnotes":""},"class_list":["post-7423","page","type-page","status-publish","hentry"],"yoast_head":"<!-- This site is optimized with the Yoast SEO plugin v27.2 - https:\/\/yoast.com\/product\/yoast-seo-wordpress\/ -->\n<title>Versicherungen IMPULS-INSURANCE Polska - IMPULS-LEASING Polska<\/title>\n<meta name=\"description\" content=\"Nutzen Sie das breite Angebot an Kfz-, Sach- und Personenversicherungen. Zusammenarbeit mit Marktf\u00fchrern und flexible Konditionen.\" \/>\n<meta name=\"robots\" content=\"index, follow, max-snippet:-1, max-image-preview:large, max-video-preview:-1\" \/>\n<link rel=\"canonical\" href=\"https:\/\/impuls-leasing.pl\/de\/versicherungen\/\" \/>\n<meta property=\"og:locale\" content=\"de_DE\" \/>\n<meta property=\"og:type\" content=\"article\" \/>\n<meta property=\"og:title\" content=\"Versicherungen IMPULS-INSURANCE Polska - IMPULS-LEASING Polska\" \/>\n<meta property=\"og:description\" content=\"Nutzen Sie das breite Angebot an Kfz-, Sach- und Personenversicherungen. Zusammenarbeit mit Marktf\u00fchrern und flexible Konditionen.\" \/>\n<meta property=\"og:url\" content=\"https:\/\/impuls-leasing.pl\/de\/versicherungen\/\" \/>\n<meta property=\"og:site_name\" content=\"IMPULS-LEASING Polska\" \/>\n<meta property=\"article:modified_time\" content=\"2025-05-23T13:44:10+00:00\" \/>\n<meta name=\"twitter:card\" content=\"summary_large_image\" \/>\n<meta name=\"twitter:label1\" content=\"Gesch\u00e4tzte Lesezeit\" \/>\n\t<meta name=\"twitter:data1\" content=\"6\u00a0Minuten\" \/>\n<script type=\"application\/ld+json\" class=\"yoast-schema-graph\">{\"@context\":\"https:\/\/schema.org\",\"@graph\":[{\"@type\":\"WebPage\",\"@id\":\"https:\/\/impuls-leasing.pl\/de\/versicherungen\/\",\"url\":\"https:\/\/impuls-leasing.pl\/de\/versicherungen\/\",\"name\":\"Versicherungen IMPULS-INSURANCE Polska - IMPULS-LEASING Polska\",\"isPartOf\":{\"@id\":\"https:\/\/impuls-leasing.pl\/de\/#website\"},\"datePublished\":\"2025-04-23T02:11:50+00:00\",\"dateModified\":\"2025-05-23T13:44:10+00:00\",\"description\":\"Nutzen Sie das breite Angebot an Kfz-, Sach- und Personenversicherungen. Zusammenarbeit mit Marktf\u00fchrern und flexible Konditionen.\",\"breadcrumb\":{\"@id\":\"https:\/\/impuls-leasing.pl\/de\/versicherungen\/#breadcrumb\"},\"inLanguage\":\"de\",\"potentialAction\":[{\"@type\":\"ReadAction\",\"target\":[\"https:\/\/impuls-leasing.pl\/de\/versicherungen\/\"]}]},{\"@type\":\"BreadcrumbList\",\"@id\":\"https:\/\/impuls-leasing.pl\/de\/versicherungen\/#breadcrumb\",\"itemListElement\":[{\"@type\":\"ListItem\",\"position\":1,\"name\":\"Strona g\u0142\u00f3wna\",\"item\":\"https:\/\/impuls-leasing.pl\/de\/\"},{\"@type\":\"ListItem\",\"position\":2,\"name\":\"Versicherungen\"}]},{\"@type\":\"WebSite\",\"@id\":\"https:\/\/impuls-leasing.pl\/de\/#website\",\"url\":\"https:\/\/impuls-leasing.pl\/de\/\",\"name\":\"IMPULS-LEASING Polska\",\"description\":\"finansowanie dla firm\",\"potentialAction\":[{\"@type\":\"SearchAction\",\"target\":{\"@type\":\"EntryPoint\",\"urlTemplate\":\"https:\/\/impuls-leasing.pl\/de\/?s={search_term_string}\"},\"query-input\":{\"@type\":\"PropertyValueSpecification\",\"valueRequired\":true,\"valueName\":\"search_term_string\"}}],\"inLanguage\":\"de\"}]}<\/script>\n<!-- \/ Yoast SEO plugin. -->","yoast_head_json":{"title":"Versicherungen IMPULS-INSURANCE Polska - IMPULS-LEASING Polska","description":"Nutzen Sie das breite Angebot an Kfz-, Sach- und Personenversicherungen. Zusammenarbeit mit Marktf\u00fchrern und flexible Konditionen.","robots":{"index":"index","follow":"follow","max-snippet":"max-snippet:-1","max-image-preview":"max-image-preview:large","max-video-preview":"max-video-preview:-1"},"canonical":"https:\/\/impuls-leasing.pl\/de\/versicherungen\/","og_locale":"de_DE","og_type":"article","og_title":"Versicherungen IMPULS-INSURANCE Polska - IMPULS-LEASING Polska","og_description":"Nutzen Sie das breite Angebot an Kfz-, Sach- und Personenversicherungen. Zusammenarbeit mit Marktf\u00fchrern und flexible Konditionen.","og_url":"https:\/\/impuls-leasing.pl\/de\/versicherungen\/","og_site_name":"IMPULS-LEASING Polska","article_modified_time":"2025-05-23T13:44:10+00:00","twitter_card":"summary_large_image","twitter_misc":{"Gesch\u00e4tzte Lesezeit":"6\u00a0Minuten"},"schema":{"@context":"https:\/\/schema.org","@graph":[{"@type":"WebPage","@id":"https:\/\/impuls-leasing.pl\/de\/versicherungen\/","url":"https:\/\/impuls-leasing.pl\/de\/versicherungen\/","name":"Versicherungen IMPULS-INSURANCE Polska - IMPULS-LEASING Polska","isPartOf":{"@id":"https:\/\/impuls-leasing.pl\/de\/#website"},"datePublished":"2025-04-23T02:11:50+00:00","dateModified":"2025-05-23T13:44:10+00:00","description":"Nutzen Sie das breite Angebot an Kfz-, Sach- und Personenversicherungen. Zusammenarbeit mit Marktf\u00fchrern und flexible Konditionen.","breadcrumb":{"@id":"https:\/\/impuls-leasing.pl\/de\/versicherungen\/#breadcrumb"},"inLanguage":"de","potentialAction":[{"@type":"ReadAction","target":["https:\/\/impuls-leasing.pl\/de\/versicherungen\/"]}]},{"@type":"BreadcrumbList","@id":"https:\/\/impuls-leasing.pl\/de\/versicherungen\/#breadcrumb","itemListElement":[{"@type":"ListItem","position":1,"name":"Strona g\u0142\u00f3wna","item":"https:\/\/impuls-leasing.pl\/de\/"},{"@type":"ListItem","position":2,"name":"Versicherungen"}]},{"@type":"WebSite","@id":"https:\/\/impuls-leasing.pl\/de\/#website","url":"https:\/\/impuls-leasing.pl\/de\/","name":"IMPULS-LEASING Polska","description":"finansowanie dla firm","potentialAction":[{"@type":"SearchAction","target":{"@type":"EntryPoint","urlTemplate":"https:\/\/impuls-leasing.pl\/de\/?s={search_term_string}"},"query-input":{"@type":"PropertyValueSpecification","valueRequired":true,"valueName":"search_term_string"}}],"inLanguage":"de"}]}},"_links":{"self":[{"href":"https:\/\/impuls-leasing.pl\/de\/wp-json\/wp\/v2\/pages\/7423","targetHints":{"allow":["GET"]}}],"collection":[{"href":"https:\/\/impuls-leasing.pl\/de\/wp-json\/wp\/v2\/pages"}],"about":[{"href":"https:\/\/impuls-leasing.pl\/de\/wp-json\/wp\/v2\/types\/page"}],"author":[{"embeddable":true,"href":"https:\/\/impuls-leasing.pl\/de\/wp-json\/wp\/v2\/users\/1"}],"replies":[{"embeddable":true,"href":"https:\/\/impuls-leasing.pl\/de\/wp-json\/wp\/v2\/comments?post=7423"}],"version-history":[{"count":2,"href":"https:\/\/impuls-leasing.pl\/de\/wp-json\/wp\/v2\/pages\/7423\/revisions"}],"predecessor-version":[{"id":7425,"href":"https:\/\/impuls-leasing.pl\/de\/wp-json\/wp\/v2\/pages\/7423\/revisions\/7425"}],"wp:attachment":[{"href":"https:\/\/impuls-leasing.pl\/de\/wp-json\/wp\/v2\/media?parent=7423"}],"curies":[{"name":"wp","href":"https:\/\/api.w.org\/{rel}","templated":true}]}}