{"id":7442,"date":"2025-04-25T18:06:00","date_gmt":"2025-04-25T16:06:00","guid":{"rendered":"https:\/\/impuls-leasing.pl\/versicherungen\/sachversicherung\/"},"modified":"2025-05-24T01:38:33","modified_gmt":"2025-05-23T23:38:33","slug":"sachversicherung","status":"publish","type":"page","link":"https:\/\/impuls-leasing.pl\/de\/versicherungen\/sachversicherung\/","title":{"rendered":"Sachversicherung"},"content":{"rendered":"\n[et_pb_section fb_built=&#8220;1&#8243; _builder_version=&#8220;4.27.4&#8243; use_background_color_gradient=&#8220;on&#8220; background_color_gradient_direction=&#8220;360deg&#8220; background_color_gradient_stops=&#8220;rgba(255,255,255,0) 52%|rgba(0,0,0,0.45) 100%&#8220; background_color_gradient_overlays_image=&#8220;on&#8220; background_color_gradient_start=&#8220;rgba(255,255,255,0)&#8220; background_color_gradient_start_position=&#8220;51%&#8220; background_color_gradient_end=&#8220;rgba(0,0,0,0.45)&#8220; background_image=&#8220;https:\/\/impuls-leasing.pl\/wp-content\/uploads\/2025\/04\/impuls-leasing-ubezpieczenie-majatku-bg-02-img.jpg&#8220; min_height=&#8220;545px&#8220; min_height_tablet=&#8220;auto&#8220; min_height_phone=&#8220;200px&#8220; min_height_last_edited=&#8220;on|phone&#8220; custom_padding=&#8220;34px||0px||false|false&#8220; hover_enabled=&#8220;0&#8243; background_last_edited=&#8220;on|desktop&#8220; use_background_color_gradient_phone=&#8220;on&#8220; background_color_gradient_stops_phone=&#8220;rgba(255,255,255,0) 17%|rgba(0,0,0,0.45) 100%&#8220; custom_css_main_element=&#8220;display: flex;||align-items: flex-start;\t||&#8220; locked=&#8220;off&#8220; global_colors_info=&#8220;{}&#8220; custom_css_main_element_last_edited=&#8220;on|tablet&#8220; custom_css_main_element_tablet=&#8220;display:block;||&#8220; custom_css_main_element_phone=&#8220;display: flex;||align-items: flex-end;\t||&#8220; title_text=&#8220;impuls-leasing-ubezpieczenie-majatku-bg-02-img&#8220; sticky_enabled=&#8220;0&#8243;][et_pb_row _builder_version=&#8220;4.27.4&#8243; background_enable_color=&#8220;off&#8220; max_width=&#8220;1110px&#8220; module_alignment=&#8220;center&#8220; custom_margin=&#8220;0px|0px|0px|0px|false|false&#8220; custom_padding=&#8220;|0px|10px|0px|false|false&#8220; hover_enabled=&#8220;0&#8243; border_radii=&#8220;on|4px|4px|4px|4px&#8220; global_colors_info=&#8220;{}&#8220; sticky_enabled=&#8220;0&#8243;][et_pb_column type=&#8220;4_4&#8243; _builder_version=&#8220;4.27.4&#8243; global_colors_info=&#8220;{}&#8220;][et_pb_text _builder_version=&#8220;4.27.4&#8243; text_font=&#8220;Open Sans|600|||||||&#8220; text_text_color=&#8220;#FFFFFF&#8220; text_font_size=&#8220;36px&#8220; text_line_height=&#8220;1.2em&#8220; ul_line_height=&#8220;1.4em&#8220; header_font=&#8220;Montserrat|||on|||||&#8220; header_text_align=&#8220;left&#8220; header_text_color=&#8220;#ffffff&#8220; width=&#8220;50%&#8220; width_tablet=&#8220;50%&#8220; width_phone=&#8220;50%&#8220; width_last_edited=&#8220;on|phone&#8220; custom_margin=&#8220;||20px||false|false&#8220; custom_padding=&#8220;||||false|true&#8220; hover_enabled=&#8220;0&#8243; text_font_size_tablet=&#8220;36px&#8220; text_font_size_phone=&#8220;24px&#8220; text_font_size_last_edited=&#8220;on|desktop&#8220; header_text_shadow_style=&#8220;preset1&#8243; global_colors_info=&#8220;{}&#8220; sticky_enabled=&#8220;0&#8243;]<p>Sachversicherung<\/p>[\/et_pb_text][et_pb_text admin_label=&#8220;Tekst&#8220; _builder_version=&#8220;4.27.4&#8243; _module_preset=&#8220;default&#8220; text_font=&#8220;Open Sans||||||||&#8220; text_text_color=&#8220;#FFFFFF&#8220; text_font_size=&#8220;18px&#8220; custom_margin=&#8220;||20px||false|false&#8220; hover_enabled=&#8220;0&#8243; locked=&#8220;off&#8220; global_colors_info=&#8220;{}&#8220; sticky_enabled=&#8220;0&#8243;]<p style=\"text-align: left;\">Ihr Schutzschild gegen unvorhergesehene Ereignisse<\/p>[\/et_pb_text][\/et_pb_column][\/et_pb_row][\/et_pb_section][et_pb_section fb_built=&#8220;1&#8243; _builder_version=&#8220;4.27.4&#8243; _module_preset=&#8220;default&#8220; background_color=&#8220;#f6f6f6&#8243; custom_margin=&#8220;||0px||false|false&#8220; custom_padding=&#8220;||0px||false|false&#8220; locked=&#8220;off&#8220; global_colors_info=&#8220;{}&#8220;][et_pb_row use_custom_gutter=&#8220;on&#8220; gutter_width=&#8220;1&#8243; _builder_version=&#8220;4.27.4&#8243; _module_preset=&#8220;default&#8220; background_color=&#8220;#FFFFFF&#8220; width=&#8220;100%&#8220; max_width=&#8220;1110px&#8220; custom_padding=&#8220;0px||0px||false|false&#8220; global_colors_info=&#8220;{}&#8220;][et_pb_column type=&#8220;4_4&#8243; _builder_version=&#8220;4.27.4&#8243; _module_preset=&#8220;default&#8220; border_width_left=&#8220;5px&#8220; border_color_left=&#8220;#AACC00&#8243; global_colors_info=&#8220;{}&#8220;][et_pb_heading title=&#8220;Sichern Sie Ihr Verm\u00f6gen und genie\u00dfen Sie Ihre Ruhe&#8220; _builder_version=&#8220;4.27.4&#8243; _module_preset=&#8220;default&#8220; title_font=&#8220;Open Sans|700|||||||&#8220; title_font_size=&#8220;16px&#8220; custom_margin=&#8220;||0px||false|false&#8220; custom_padding=&#8220;47px|90px|13px|90px|false|false&#8220; custom_padding_tablet=&#8220;47px|90px|13px|90px|false|false&#8220; custom_padding_phone=&#8220;47px|30px|13px|30px|false|false&#8220; custom_padding_last_edited=&#8220;on|phone&#8220; hover_enabled=&#8220;0&#8243; locked=&#8220;off&#8220; global_colors_info=&#8220;{}&#8220; sticky_enabled=&#8220;0&#8243;][\/et_pb_heading][et_pb_text _builder_version=&#8220;4.27.4&#8243; _module_preset=&#8220;default&#8220; text_font=&#8220;Open Sans||||||||&#8220; text_text_color=&#8220;#000000&#8243; text_font_size=&#8220;14px&#8220; custom_margin=&#8220;||||false|false&#8220; custom_padding=&#8220;|90px|47px|90px|false|false&#8220; custom_padding_tablet=&#8220;|90px|47px|90px|false|false&#8220; custom_padding_phone=&#8220;|30px|47px|30px|false|false&#8220; custom_padding_last_edited=&#8220;on|phone&#8220; hover_enabled=&#8220;0&#8243; global_colors_info=&#8220;{}&#8220; sticky_enabled=&#8220;0&#8243;]<p>Unsere Sachversicherung bietet Ihnen umfassenden Schutz vor Verlust, Besch\u00e4digung oder Zerst\u00f6rung Ihres Eigentums. Wir sch\u00fctzen Sie vor den Folgen von zuf\u00e4lligen Ereignissen, die pl\u00f6tzlich und unerwartet eintreten k\u00f6nnen, unabh\u00e4ngig von Ihrem Willen. Wir bieten Ihnen umfassende Unterst\u00fctzung bei Sch\u00e4den <strong>durch Explosion, Feuer, Einbruchdiebstahl, Raub und Vandalismus.<\/strong>  <\/p>[\/et_pb_text][\/et_pb_column][\/et_pb_row][\/et_pb_section][et_pb_section fb_built=&#8220;1&#8243; _builder_version=&#8220;4.27.4&#8243; _module_preset=&#8220;default&#8220; background_color=&#8220;#f6f6f6&#8243; custom_margin=&#8220;||0px||false|false&#8220; custom_padding=&#8220;34px||0px||false|false&#8220; locked=&#8220;off&#8220; global_colors_info=&#8220;{}&#8220;][et_pb_row use_custom_gutter=&#8220;on&#8220; gutter_width=&#8220;1&#8243; _builder_version=&#8220;4.27.4&#8243; _module_preset=&#8220;default&#8220; background_color=&#8220;#FFFFFF&#8220; width=&#8220;100%&#8220; max_width=&#8220;1110px&#8220; custom_padding=&#8220;0px||0px||false|false&#8220; locked=&#8220;off&#8220; global_colors_info=&#8220;{}&#8220;][et_pb_column type=&#8220;4_4&#8243; _builder_version=&#8220;4.27.4&#8243; _module_preset=&#8220;default&#8220; border_width_left=&#8220;5px&#8220; border_color_left=&#8220;#AACC00&#8243; global_colors_info=&#8220;{}&#8220;][et_pb_heading title=&#8220;Vorteile f\u00fcr den Versicherten:&#8220; _builder_version=&#8220;4.27.4&#8243; _module_preset=&#8220;default&#8220; title_font=&#8220;Open Sans|700|||||||&#8220; title_font_size=&#8220;16px&#8220; custom_margin=&#8220;||0px||false|false&#8220; custom_padding=&#8220;47px|90px|13px|90px|false|false&#8220; custom_padding_tablet=&#8220;47px|90px|13px|90px|false|false&#8220; custom_padding_phone=&#8220;47px|30px|13px|30px|false|false&#8220; custom_padding_last_edited=&#8220;on|phone&#8220; hover_enabled=&#8220;0&#8243; global_colors_info=&#8220;{}&#8220; sticky_enabled=&#8220;0&#8243;][\/et_pb_heading][dsm_icon_list icon_color=&#8220;#000000&#8243; icon_gap_width=&#8220;1.6em&#8220; icon_font_size=&#8220;15px&#8220; _builder_version=&#8220;4.27.4&#8243; _module_preset=&#8220;default&#8220; text_font=&#8220;Open Sans||||||||&#8220; text_text_color=&#8220;#000000&#8243; text_line_height=&#8220;1.9em&#8220; custom_padding=&#8220;0px|90px|47px|90px|false|false&#8220; custom_padding_tablet=&#8220;0px|90px|47px|90px|false|false&#8220; custom_padding_phone=&#8220;0px|30px|47px|30px|false|false&#8220; custom_padding_last_edited=&#8220;on|phone&#8220; hover_enabled=&#8220;0&#8243; global_colors_info=&#8220;{}&#8220; sticky_enabled=&#8220;0&#8243;][dsm_icon_list_child text=&#8220;Umfassender Versicherungsschutz: Unsere Versicherung deckt eine Vielzahl von Risiken ab, darunter Konstruktionsfehler, Materialfehler, unsachgem\u00e4\u00dfe Bedienung, Vandalismus und vieles mehr.&#8220; font_icon=&#8220;&#x4e;||divi||400&#8243; _builder_version=&#8220;4.27.4&#8243; _module_preset=&#8220;default&#8220; text_font_size=&#8220;14px&#8220; hover_enabled=&#8220;0&#8243; global_colors_info=&#8220;{}&#8220; sticky_enabled=&#8220;0&#8243;][\/dsm_icon_list_child][dsm_icon_list_child text=&#8220;Schutz f\u00fcr mobile Ger\u00e4te: Zus\u00e4tzliche Absicherung f\u00fcr elektronische Ger\u00e4te, die f\u00fcr berufliche Zwecke genutzt werden, auch au\u00dferhalb des Versicherungsortes.&#8220; font_icon=&#8220;&#x4e;||divi||400&#8243; icon_font_size=&#8220;15px&#8220; _builder_version=&#8220;4.27.4&#8243; _module_preset=&#8220;default&#8220; text_font_size=&#8220;14px&#8220; hover_enabled=&#8220;0&#8243; global_colors_info=&#8220;{}&#8220; sticky_enabled=&#8220;0&#8243;][\/dsm_icon_list_child][dsm_icon_list_child text=&#8220;Sicherheit f\u00fcr Baumaschinen und Gabelstapler: F\u00fcr Maschinen mit einem Wert von \u00fcber 400.000 PLN ist ein funktionsf\u00e4higes GPS-System vorgeschrieben, was die Sicherheit und Kontrolle erh\u00f6ht.&#8220; font_icon=&#8220;&#x4e;||divi||400&#8243; _builder_version=&#8220;4.27.4&#8243; _module_preset=&#8220;default&#8220; text_font_size=&#8220;14px&#8220; hover_enabled=&#8220;0&#8243; global_colors_info=&#8220;{}&#8220; sticky_enabled=&#8220;0&#8243;][\/dsm_icon_list_child][dsm_icon_list_child text=&#8220;Unterst\u00fctzung f\u00fcr Maschinen und Produktionsanlagen: Der Schutz umfasst die Montage sowie die Probe- und Testphase, was Ihnen Sicherheit bei der Einf\u00fchrung neuer Anlagen gibt.&#8220; font_icon=&#8220;&#x4e;||divi||400&#8243; _builder_version=&#8220;4.27.4&#8243; _module_preset=&#8220;default&#8220; text_font_size=&#8220;14px&#8220; hover_enabled=&#8220;0&#8243; global_colors_info=&#8220;{}&#8220; sticky_enabled=&#8220;0&#8243;][\/dsm_icon_list_child][\/dsm_icon_list][\/et_pb_column][\/et_pb_row][\/et_pb_section][et_pb_section fb_built=&#8220;1&#8243; _builder_version=&#8220;4.27.4&#8243; _module_preset=&#8220;default&#8220; background_color=&#8220;#f6f6f6&#8243; custom_margin=&#8220;||0px||false|false&#8220; custom_padding=&#8220;34px||50px||false|false&#8220; hover_enabled=&#8220;0&#8243; locked=&#8220;off&#8220; global_colors_info=&#8220;{}&#8220; sticky_enabled=&#8220;0&#8243;][et_pb_row use_custom_gutter=&#8220;on&#8220; gutter_width=&#8220;1&#8243; _builder_version=&#8220;4.27.4&#8243; _module_preset=&#8220;default&#8220; background_color=&#8220;#FFFFFF&#8220; width=&#8220;100%&#8220; max_width=&#8220;1110px&#8220; custom_padding=&#8220;0px||0px||false|false&#8220; global_colors_info=&#8220;{}&#8220;][et_pb_column type=&#8220;4_4&#8243; _builder_version=&#8220;4.27.4&#8243; _module_preset=&#8220;default&#8220; border_width_left=&#8220;5px&#8220; border_color_left=&#8220;#AACC00&#8243; global_colors_info=&#8220;{}&#8220;][et_pb_heading title=&#8220;Warum sollten Sie sich f\u00fcr unsere Versicherung entscheiden?&#8220; _builder_version=&#8220;4.27.4&#8243; _module_preset=&#8220;default&#8220; title_font=&#8220;Open Sans|700|||||||&#8220; title_font_size=&#8220;16px&#8220; custom_margin=&#8220;||0px||false|false&#8220; custom_padding=&#8220;47px|90px|13px|90px|false|false&#8220; custom_padding_tablet=&#8220;47px|90px|13px|90px|false|false&#8220; custom_padding_phone=&#8220;47px|30px|13px|30px|false|false&#8220; custom_padding_last_edited=&#8220;on|phone&#8220; hover_enabled=&#8220;0&#8243; locked=&#8220;off&#8220; global_colors_info=&#8220;{}&#8220; sticky_enabled=&#8220;0&#8243;][\/et_pb_heading][et_pb_text _builder_version=&#8220;4.27.4&#8243; _module_preset=&#8220;default&#8220; text_font=&#8220;Open Sans||||||||&#8220; text_text_color=&#8220;#000000&#8243; text_font_size=&#8220;14px&#8220; custom_margin=&#8220;||||false|false&#8220; custom_padding=&#8220;|90px|47px|90px|false|false&#8220; custom_padding_tablet=&#8220;|90px|47px|90px|false|false&#8220; custom_padding_phone=&#8220;|30px|47px|30px|false|false&#8220; custom_padding_last_edited=&#8220;on|phone&#8220; hover_enabled=&#8220;0&#8243; global_colors_info=&#8220;{}&#8220; sticky_enabled=&#8220;0&#8243;]<p>Wenn Sie Ihr Verm\u00f6gen bei uns versichern, k\u00f6nnen Sie sicher sein, dass es im Falle unvorhergesehener Ereignisse gesch\u00fctzt ist. Unser Angebot umfasst nicht nur finanziellen Schutz, sondern auch Sicherheit und Stabilit\u00e4t in jeder Situation. Kontaktieren Sie uns, um mehr \u00fcber unser Angebot zu erfahren und die Sicherheit f\u00fcr sich und Ihr Verm\u00f6gen zu gew\u00e4hrleisten.  <\/p>[\/et_pb_text][\/et_pb_column][\/et_pb_row][\/et_pb_section]\n","protected":false},"excerpt":{"rendered":"<p>SachversicherungIhr Schutzschild gegen unvorhergesehene EreignisseUnsere Sachversicherung bietet Ihnen umfassenden Schutz vor Verlust, Besch\u00e4digung oder Zerst\u00f6rung Ihres Eigentums. Wir sch\u00fctzen Sie vor den Folgen von zuf\u00e4lligen Ereignissen, die pl\u00f6tzlich und unerwartet eintreten k\u00f6nnen, unabh\u00e4ngig von Ihrem Willen. Wir bieten Ihnen umfassende Unterst\u00fctzung bei Sch\u00e4den durch Explosion, Feuer, Einbruchdiebstahl, Raub und Vandalismus. <div class=\"et_pb_module dsm_icon_list dsm_icon_list_0\">\n\t\t\t\t\n\t\t\t\t\n\t\t\t\t\n\t\t\t\t\n\t\t\t\t\n\t\t\t\t\n\t\t\t\t<div class=\"et_pb_module_inner\">\n\t\t\t\t\t<ul class=\"dsm_icon_list_items dsm_icon_list_ltr_direction dsm_icon_list_layout_vertical\"><li class=\"dsm_icon_list_child dsm_icon_list_child_0\">\n\t\t\t\t\n\t\t\t\t\n\t\t\t\t\n\t\t\t\t\n\t\t\t\t<span class=\"dsm_icon_list_wrapper\"><span class=\"dsm_icon_list_icon\">N<\/span><\/span><span class=\"dsm_icon_list_text\">Umfassender Versicherungsschutz: Unsere Versicherung deckt eine Vielzahl von Risiken ab, darunter Konstruktionsfehler, Materialfehler, unsachgem\u00e4\u00dfe Bedienung, Vandalismus und vieles mehr.<\/span>\n\t\t\t<\/li><li class=\"dsm_icon_list_child dsm_icon_list_child_1\">\n\t\t\t\t\n\t\t\t\t\n\t\t\t\t\n\t\t\t\t\n\t\t\t\t<span class=\"dsm_icon_list_wrapper\"><span class=\"dsm_icon_list_icon\">N<\/span><\/span><span class=\"dsm_icon_list_text\">Schutz f\u00fcr mobile Ger\u00e4te: Zus\u00e4tzliche Absicherung f\u00fcr elektronische Ger\u00e4te, die f\u00fcr berufliche Zwecke genutzt werden, auch au\u00dferhalb des Versicherungsortes.<\/span>\n\t\t\t<\/li><li class=\"dsm_icon_list_child dsm_icon_list_child_2\">\n\t\t\t\t\n\t\t\t\t\n\t\t\t\t\n\t\t\t\t\n\t\t\t\t<span class=\"dsm_icon_list_wrapper\"><span class=\"dsm_icon_list_icon\">N<\/span><\/span><span class=\"dsm_icon_list_text\">Sicherheit f\u00fcr Baumaschinen und Gabelstapler: F\u00fcr Maschinen mit einem Wert von \u00fcber 400.000 PLN ist ein funktionsf\u00e4higes GPS-System vorgeschrieben, was die Sicherheit und Kontrolle erh\u00f6ht.<\/span>\n\t\t\t<\/li><li class=\"dsm_icon_list_child dsm_icon_list_child_3\">\n\t\t\t\t\n\t\t\t\t\n\t\t\t\t\n\t\t\t\t\n\t\t\t\t<span class=\"dsm_icon_list_wrapper\"><span class=\"dsm_icon_list_icon\">N<\/span><\/span><span class=\"dsm_icon_list_text\">Unterst\u00fctzung f\u00fcr Maschinen und Produktionsanlagen: Der Schutz umfasst die Montage sowie die Probe- und Testphase, was Ihnen Sicherheit bei der Einf\u00fchrung neuer Anlagen gibt.<\/span>\n\t\t\t<\/li><\/ul>\n\t\t\t\t<\/div>\n\t\t\t<\/div>Wenn Sie Ihr Verm\u00f6gen bei uns versichern, k\u00f6nnen Sie sicher sein, dass es im Falle unvorhergesehener Ereignisse gesch\u00fctzt [&hellip;]<\/p>\n","protected":false},"author":1,"featured_media":0,"parent":7423,"menu_order":0,"comment_status":"closed","ping_status":"closed","template":"","meta":{"_et_pb_use_builder":"on","_et_pb_old_content":"","_et_gb_content_width":"","inline_featured_image":false,"footnotes":""},"class_list":["post-7442","page","type-page","status-publish","hentry"],"yoast_head":"<!-- This site is optimized with the Yoast SEO plugin v27.2 - https:\/\/yoast.com\/product\/yoast-seo-wordpress\/ -->\n<title>Sachversicherung - IMPULS-LEASING Polska<\/title>\n<meta name=\"description\" content=\"Sch\u00fctzen Sie Ihr Eigentum unter anderem vor Sch\u00e4den durch Feuer, Diebstahl, Vandalismus sowie vor Besch\u00e4digungen von mobilen Ger\u00e4ten und Maschinen.\" \/>\n<meta name=\"robots\" content=\"index, follow, max-snippet:-1, max-image-preview:large, max-video-preview:-1\" \/>\n<link rel=\"canonical\" href=\"https:\/\/impuls-leasing.pl\/de\/versicherungen\/sachversicherung\/\" \/>\n<meta property=\"og:locale\" content=\"de_DE\" \/>\n<meta property=\"og:type\" content=\"article\" \/>\n<meta property=\"og:title\" content=\"Sachversicherung - IMPULS-LEASING Polska\" \/>\n<meta property=\"og:description\" content=\"Sch\u00fctzen Sie Ihr Eigentum unter anderem vor Sch\u00e4den durch Feuer, Diebstahl, Vandalismus sowie vor Besch\u00e4digungen von mobilen Ger\u00e4ten und Maschinen.\" \/>\n<meta property=\"og:url\" content=\"https:\/\/impuls-leasing.pl\/de\/versicherungen\/sachversicherung\/\" \/>\n<meta property=\"og:site_name\" content=\"IMPULS-LEASING Polska\" \/>\n<meta property=\"article:modified_time\" content=\"2025-05-23T23:38:33+00:00\" \/>\n<meta name=\"twitter:card\" content=\"summary_large_image\" \/>\n<meta name=\"twitter:label1\" content=\"Gesch\u00e4tzte Lesezeit\" \/>\n\t<meta name=\"twitter:data1\" content=\"7\u00a0Minuten\" \/>\n<script type=\"application\/ld+json\" class=\"yoast-schema-graph\">{\"@context\":\"https:\/\/schema.org\",\"@graph\":[{\"@type\":\"WebPage\",\"@id\":\"https:\/\/impuls-leasing.pl\/de\/versicherungen\/sachversicherung\/\",\"url\":\"https:\/\/impuls-leasing.pl\/de\/versicherungen\/sachversicherung\/\",\"name\":\"Sachversicherung - IMPULS-LEASING Polska\",\"isPartOf\":{\"@id\":\"https:\/\/impuls-leasing.pl\/de\/#website\"},\"datePublished\":\"2025-04-25T16:06:00+00:00\",\"dateModified\":\"2025-05-23T23:38:33+00:00\",\"description\":\"Sch\u00fctzen Sie Ihr Eigentum unter anderem vor Sch\u00e4den durch Feuer, Diebstahl, Vandalismus sowie vor Besch\u00e4digungen von mobilen Ger\u00e4ten und Maschinen.\",\"breadcrumb\":{\"@id\":\"https:\/\/impuls-leasing.pl\/de\/versicherungen\/sachversicherung\/#breadcrumb\"},\"inLanguage\":\"de\",\"potentialAction\":[{\"@type\":\"ReadAction\",\"target\":[\"https:\/\/impuls-leasing.pl\/de\/versicherungen\/sachversicherung\/\"]}]},{\"@type\":\"BreadcrumbList\",\"@id\":\"https:\/\/impuls-leasing.pl\/de\/versicherungen\/sachversicherung\/#breadcrumb\",\"itemListElement\":[{\"@type\":\"ListItem\",\"position\":1,\"name\":\"Strona g\u0142\u00f3wna\",\"item\":\"https:\/\/impuls-leasing.pl\/de\/\"},{\"@type\":\"ListItem\",\"position\":2,\"name\":\"Versicherungen\",\"item\":\"https:\/\/impuls-leasing.pl\/de\/versicherungen\/\"},{\"@type\":\"ListItem\",\"position\":3,\"name\":\"Sachversicherung\"}]},{\"@type\":\"WebSite\",\"@id\":\"https:\/\/impuls-leasing.pl\/de\/#website\",\"url\":\"https:\/\/impuls-leasing.pl\/de\/\",\"name\":\"IMPULS-LEASING Polska\",\"description\":\"finansowanie dla firm\",\"potentialAction\":[{\"@type\":\"SearchAction\",\"target\":{\"@type\":\"EntryPoint\",\"urlTemplate\":\"https:\/\/impuls-leasing.pl\/de\/?s={search_term_string}\"},\"query-input\":{\"@type\":\"PropertyValueSpecification\",\"valueRequired\":true,\"valueName\":\"search_term_string\"}}],\"inLanguage\":\"de\"}]}<\/script>\n<!-- \/ Yoast SEO plugin. -->","yoast_head_json":{"title":"Sachversicherung - IMPULS-LEASING Polska","description":"Sch\u00fctzen Sie Ihr Eigentum unter anderem vor Sch\u00e4den durch Feuer, Diebstahl, Vandalismus sowie vor Besch\u00e4digungen von mobilen Ger\u00e4ten und Maschinen.","robots":{"index":"index","follow":"follow","max-snippet":"max-snippet:-1","max-image-preview":"max-image-preview:large","max-video-preview":"max-video-preview:-1"},"canonical":"https:\/\/impuls-leasing.pl\/de\/versicherungen\/sachversicherung\/","og_locale":"de_DE","og_type":"article","og_title":"Sachversicherung - IMPULS-LEASING Polska","og_description":"Sch\u00fctzen Sie Ihr Eigentum unter anderem vor Sch\u00e4den durch Feuer, Diebstahl, Vandalismus sowie vor Besch\u00e4digungen von mobilen Ger\u00e4ten und Maschinen.","og_url":"https:\/\/impuls-leasing.pl\/de\/versicherungen\/sachversicherung\/","og_site_name":"IMPULS-LEASING Polska","article_modified_time":"2025-05-23T23:38:33+00:00","twitter_card":"summary_large_image","twitter_misc":{"Gesch\u00e4tzte Lesezeit":"7\u00a0Minuten"},"schema":{"@context":"https:\/\/schema.org","@graph":[{"@type":"WebPage","@id":"https:\/\/impuls-leasing.pl\/de\/versicherungen\/sachversicherung\/","url":"https:\/\/impuls-leasing.pl\/de\/versicherungen\/sachversicherung\/","name":"Sachversicherung - IMPULS-LEASING Polska","isPartOf":{"@id":"https:\/\/impuls-leasing.pl\/de\/#website"},"datePublished":"2025-04-25T16:06:00+00:00","dateModified":"2025-05-23T23:38:33+00:00","description":"Sch\u00fctzen Sie Ihr Eigentum unter anderem vor Sch\u00e4den durch Feuer, Diebstahl, Vandalismus sowie vor Besch\u00e4digungen von mobilen Ger\u00e4ten und Maschinen.","breadcrumb":{"@id":"https:\/\/impuls-leasing.pl\/de\/versicherungen\/sachversicherung\/#breadcrumb"},"inLanguage":"de","potentialAction":[{"@type":"ReadAction","target":["https:\/\/impuls-leasing.pl\/de\/versicherungen\/sachversicherung\/"]}]},{"@type":"BreadcrumbList","@id":"https:\/\/impuls-leasing.pl\/de\/versicherungen\/sachversicherung\/#breadcrumb","itemListElement":[{"@type":"ListItem","position":1,"name":"Strona g\u0142\u00f3wna","item":"https:\/\/impuls-leasing.pl\/de\/"},{"@type":"ListItem","position":2,"name":"Versicherungen","item":"https:\/\/impuls-leasing.pl\/de\/versicherungen\/"},{"@type":"ListItem","position":3,"name":"Sachversicherung"}]},{"@type":"WebSite","@id":"https:\/\/impuls-leasing.pl\/de\/#website","url":"https:\/\/impuls-leasing.pl\/de\/","name":"IMPULS-LEASING Polska","description":"finansowanie dla firm","potentialAction":[{"@type":"SearchAction","target":{"@type":"EntryPoint","urlTemplate":"https:\/\/impuls-leasing.pl\/de\/?s={search_term_string}"},"query-input":{"@type":"PropertyValueSpecification","valueRequired":true,"valueName":"search_term_string"}}],"inLanguage":"de"}]}},"_links":{"self":[{"href":"https:\/\/impuls-leasing.pl\/de\/wp-json\/wp\/v2\/pages\/7442","targetHints":{"allow":["GET"]}}],"collection":[{"href":"https:\/\/impuls-leasing.pl\/de\/wp-json\/wp\/v2\/pages"}],"about":[{"href":"https:\/\/impuls-leasing.pl\/de\/wp-json\/wp\/v2\/types\/page"}],"author":[{"embeddable":true,"href":"https:\/\/impuls-leasing.pl\/de\/wp-json\/wp\/v2\/users\/1"}],"replies":[{"embeddable":true,"href":"https:\/\/impuls-leasing.pl\/de\/wp-json\/wp\/v2\/comments?post=7442"}],"version-history":[{"count":1,"href":"https:\/\/impuls-leasing.pl\/de\/wp-json\/wp\/v2\/pages\/7442\/revisions"}],"predecessor-version":[{"id":7443,"href":"https:\/\/impuls-leasing.pl\/de\/wp-json\/wp\/v2\/pages\/7442\/revisions\/7443"}],"up":[{"embeddable":true,"href":"https:\/\/impuls-leasing.pl\/de\/wp-json\/wp\/v2\/pages\/7423"}],"wp:attachment":[{"href":"https:\/\/impuls-leasing.pl\/de\/wp-json\/wp\/v2\/media?parent=7442"}],"curies":[{"name":"wp","href":"https:\/\/api.w.org\/{rel}","templated":true}]}}