{"id":8556,"date":"2025-10-08T17:05:48","date_gmt":"2025-10-08T15:05:48","guid":{"rendered":"https:\/\/impuls-leasing.pl\/werden-sie-teil-von-impuls-leasing-polska\/"},"modified":"2025-11-15T02:44:29","modified_gmt":"2025-11-15T01:44:29","slug":"werden-sie-teil-von-impuls-leasing-polska","status":"publish","type":"page","link":"https:\/\/impuls-leasing.pl\/de\/werden-sie-teil-von-impuls-leasing-polska\/","title":{"rendered":"Werden Sie Teil von IMPULS-LEASING Polska"},"content":{"rendered":"<p>[et_pb_section fb_built=&#8220;1&#8243; _builder_version=&#8220;4.27.4&#8243; use_background_color_gradient=&#8220;on&#8220; background_color_gradient_direction=&#8220;360deg&#8220; background_color_gradient_stops=&#8220;rgba(255,255,255,0) 52%|rgba(0,0,0,0.45) 100%&#8220; background_color_gradient_overlays_image=&#8220;on&#8220; background_color_gradient_start=&#8220;rgba(255,255,255,0)&#8220; background_color_gradient_start_position=&#8220;51%&#8220; background_color_gradient_end=&#8220;rgba(0,0,0,0.45)&#8220; background_image=&#8220;https:\/\/impuls-leasing.pl\/wp-content\/uploads\/2025\/10\/AdobeStock_1567950064_2-scaled.jpg&#8220; min_height=&#8220;545px&#8220; min_height_tablet=&#8220;auto&#8220; min_height_phone=&#8220;200px&#8220; min_height_last_edited=&#8220;on|phone&#8220; custom_padding=&#8220;34px||0px||false|false&#8220; background_last_edited=&#8220;on|phone&#8220; use_background_color_gradient_phone=&#8220;on&#8220; background_color_gradient_direction_phone=&#8220;180deg&#8220; background_color_gradient_stops_phone=&#8220;rgba(255,255,255,0) 12%|rgba(0,0,0,0.45) 100%&#8220; custom_css_main_element=&#8220;display: flex;||align-items: flex-start;\t||&#8220; locked=&#8220;off&#8220; global_colors_info=&#8220;{}&#8220; custom_css_main_element_last_edited=&#8220;on|tablet&#8220; custom_css_main_element_tablet=&#8220;display:block;||&#8220; custom_css_main_element_phone=&#8220;display: flex;||align-items: flex-end;\t||&#8220;][et_pb_row _builder_version=&#8220;4.27.4&#8243; background_enable_color=&#8220;off&#8220; max_width=&#8220;1110px&#8220; module_alignment=&#8220;center&#8220; custom_margin=&#8220;0px|0px|0px|0px|false|false&#8220; custom_padding=&#8220;|0px|10px|0px|false|false&#8220; border_radii=&#8220;on|4px|4px|4px|4px&#8220; global_colors_info=&#8220;{}&#8220;][et_pb_column type=&#8220;4_4&#8243; _builder_version=&#8220;4.27.4&#8243; global_colors_info=&#8220;{}&#8220;][et_pb_text _builder_version=&#8220;4.27.4&#8243; text_font=&#8220;Open Sans|600|||||||&#8220; text_text_color=&#8220;#FFFFFF&#8220; text_font_size=&#8220;36px&#8220; text_line_height=&#8220;1.2em&#8220; ul_line_height=&#8220;1.4em&#8220; header_font=&#8220;Montserrat|||on|||||&#8220; header_text_align=&#8220;left&#8220; header_text_color=&#8220;#ffffff&#8220; width=&#8220;50%&#8220; width_tablet=&#8220;50%&#8220; width_phone=&#8220;70%&#8220; width_last_edited=&#8220;on|phone&#8220; custom_margin=&#8220;||20px||false|false&#8220; custom_padding=&#8220;||||false|true&#8220; text_font_size_tablet=&#8220;36px&#8220; text_font_size_phone=&#8220;24px&#8220; text_font_size_last_edited=&#8220;on|desktop&#8220; header_text_shadow_style=&#8220;preset1&#8243; global_colors_info=&#8220;{}&#8220;]<\/p>\n<p>Werden Sie Teil von IMPULS-LEASING Polska<\/p>\n<p>[\/et_pb_text][et_pb_text admin_label=&#8220;Tekst&#8220; _builder_version=&#8220;4.27.4&#8243; _module_preset=&#8220;default&#8220; text_font=&#8220;Open Sans||||||||&#8220; text_text_color=&#8220;#FFFFFF&#8220; text_font_size=&#8220;18px&#8220; width_tablet=&#8220;&#8220; width_phone=&#8220;70%&#8220; width_last_edited=&#8220;on|phone&#8220; custom_margin=&#8220;||20px||false|false&#8220; locked=&#8220;off&#8220; global_colors_info=&#8220;{}&#8220;]<\/p>\n<p>Kommen Sie zu uns und entwickeln Sie Ihre Karriere mit den Besten!<\/p>\n<p>&nbsp;<\/p>\n<p>[\/et_pb_text][dsm_button button_one_text=&#8220;Offene Stellen ansehen&#8220; button_one_url=&#8220;#aktuelle-angebote&#8220; _builder_version=&#8220;4.27.4&#8243; _module_preset=&#8220;default&#8220; custom_button_one=&#8220;on&#8220; button_one_text_size=&#8220;14px&#8220; button_one_text_color=&#8220;#FFFFFF&#8220; button_one_bg_color=&#8220;#AACC00&#8243; button_one_border_width=&#8220;0px&#8220; button_one_border_radius=&#8220;1px&#8220; button_one_font=&#8220;Open Sans|700|||||||&#8220; button_one_icon=&#8220;&#x24;||divi||400&#8243; button_one_custom_margin=&#8220;||||false|false&#8220; button_one_custom_padding=&#8220;13px|45px|13px|45px|true|true&#8220; hover_enabled=&#8220;0&#8243; global_colors_info=&#8220;{}&#8220; sticky_enabled=&#8220;0&#8243;][\/dsm_button][\/et_pb_column][\/et_pb_row][\/et_pb_section][et_pb_section fb_built=&#8220;1&#8243; _builder_version=&#8220;4.27.4&#8243; _module_preset=&#8220;default&#8220; background_color=&#8220;#f6f6f6&#8243; custom_margin=&#8220;||0px||false|false&#8220; custom_padding=&#8220;||0px||false|false&#8220; locked=&#8220;off&#8220; global_colors_info=&#8220;{}&#8220;][\/et_pb_section][et_pb_section fb_built=&#8220;1&#8243; module_id=&#8220;dolacz-do-impuls-leasing&#8220; _builder_version=&#8220;4.27.4&#8243; _module_preset=&#8220;default&#8220; background_color=&#8220;#f6f6f6&#8243; custom_margin=&#8220;||0px||false|false&#8220; custom_padding=&#8220;34px||0px||false|false&#8220; locked=&#8220;off&#8220; global_colors_info=&#8220;{}&#8220;][et_pb_row use_custom_gutter=&#8220;on&#8220; gutter_width=&#8220;1&#8243; _builder_version=&#8220;4.27.4&#8243; _module_preset=&#8220;default&#8220; background_color=&#8220;#FFFFFF&#8220; width=&#8220;100%&#8220; max_width=&#8220;1110px&#8220; custom_padding=&#8220;0px||0px||false|false&#8220; global_colors_info=&#8220;{}&#8220;][et_pb_column type=&#8220;4_4&#8243; _builder_version=&#8220;4.27.4&#8243; _module_preset=&#8220;default&#8220; border_width_left=&#8220;5px&#8220; border_color_left=&#8220;#AACC00&#8243; global_colors_info=&#8220;{}&#8220;][et_pb_heading title=&#8220;Der Bewerbungsprozess bei IMPULS-LEASING Polska&#8220; _builder_version=&#8220;4.27.4&#8243; _module_preset=&#8220;default&#8220; title_font=&#8220;Open Sans|700|||||||&#8220; title_font_size=&#8220;16px&#8220; custom_padding=&#8220;50px|90px|13px|90px|false|false&#8220; custom_padding_tablet=&#8220;50px|90px|13px|90px|false|false&#8220; custom_padding_phone=&#8220;50px|30px|13px|30px|false|false&#8220; custom_padding_last_edited=&#8220;on|phone&#8220; global_colors_info=&#8220;{}&#8220;][\/et_pb_heading][et_pb_text _builder_version=&#8220;4.27.4&#8243; _module_preset=&#8220;default&#8220; text_font=&#8220;Open Sans||||||||&#8220; text_text_color=&#8220;#000000&#8243; text_font_size=&#8220;14px&#8220; custom_padding=&#8220;|90px|47px|90px|false|false&#8220; custom_padding_tablet=&#8220;||66px|90px|false|false&#8220; custom_padding_phone=&#8220;|30px|66px|30px|false|false&#8220; custom_padding_last_edited=&#8220;on|phone&#8220; global_colors_info=&#8220;{}&#8220;]<\/p>\n<p style=\"text-align: justify;\"><strong>Bewerbung und Auswahl<\/strong><br \/>Finden Sie eine interessante Stellenanzeige und bewerben Sie sich. Wir pr\u00fcfen jede Bewerbung sorgf\u00e4ltig und vergleichen Ihre Kompetenzen mit unseren aktuellen Anforderungen. Wenn Ihre Erfahrung und F\u00e4higkeiten dem Profil des gesuchten Kandidaten entsprechen, werden wir uns mit Ihnen in Verbindung setzen und Sie zu einem Vorstellungsgespr\u00e4ch einladen.  <\/p>\n<p style=\"text-align: justify;\"><strong>Vorstellungsgespr\u00e4ch und Bewerbungsgespr\u00e4che<\/strong><br \/>W\u00e4hrend des Vorstellungsgespr\u00e4chs m\u00f6chten wir Ihre Erfahrungen, F\u00e4higkeiten und gegenseitigen Erwartungen hinsichtlich der Zusammenarbeit n\u00e4her kennenlernen. Je nach Position kann der Bewerbungsprozess ein oder mehrere Treffen umfassen. Bei Bewerbungen f\u00fcr F\u00fchrungspositionen laden wir Sie auch zu einem Treffen mit der Gesch\u00e4ftsleitung ein.  <\/p>\n<p style=\"text-align: justify;\"><strong>R\u00fcckmeldung<\/strong><br \/>Nach jeder Phase des Bewerbungsverfahrens erhalten Sie von uns eine R\u00fcckmeldung \u2013 unabh\u00e4ngig vom Ergebnis des Verfahrens. Wenn unsere Entscheidung positiv ausf\u00e4llt, unterbreiten wir Ihnen ein Stellenangebot und laden Sie ein, einen neuen Abschnitt Ihrer Karriere bei IMPULS-LEASING Polska zu beginnen. <\/p>\n<p>[\/et_pb_text][\/et_pb_column][\/et_pb_row][\/et_pb_section][et_pb_section fb_built=&#8220;1&#8243; _builder_version=&#8220;4.27.4&#8243; _module_preset=&#8220;default&#8220; background_color=&#8220;#f6f6f6&#8243; custom_margin=&#8220;||0px||false|false&#8220; custom_padding=&#8220;34px||0px||false|false&#8220; locked=&#8220;off&#8220; global_colors_info=&#8220;{}&#8220;][et_pb_row use_custom_gutter=&#8220;on&#8220; gutter_width=&#8220;1&#8243; _builder_version=&#8220;4.27.4&#8243; _module_preset=&#8220;default&#8220; background_color=&#8220;#FFFFFF&#8220; width=&#8220;100%&#8220; max_width=&#8220;1110px&#8220; custom_padding=&#8220;0px||0px||false|false&#8220; global_colors_info=&#8220;{}&#8220;][et_pb_column type=&#8220;4_4&#8243; _builder_version=&#8220;4.27.4&#8243; _module_preset=&#8220;default&#8220; border_width_left=&#8220;5px&#8220; border_color_left=&#8220;#AACC00&#8243; global_colors_info=&#8220;{}&#8220;][et_pb_heading title=&#8220;Kommen Sie zu IMPULS-LEASING Polska \u2013 Gestalten Sie die Zukunft mit einem Marktf\u00fchrer!&#8220; _builder_version=&#8220;4.27.4&#8243; _module_preset=&#8220;default&#8220; title_font=&#8220;Open Sans|700|||||||&#8220; title_font_size=&#8220;16px&#8220; custom_padding=&#8220;50px|90px|13px|90px|false|false&#8220; custom_padding_tablet=&#8220;50px|90px|13px|90px|false|false&#8220; custom_padding_phone=&#8220;50px|30px|13px|30px|false|false&#8220; custom_padding_last_edited=&#8220;on|phone&#8220; global_colors_info=&#8220;{}&#8220;][\/et_pb_heading][et_pb_text _builder_version=&#8220;4.27.4&#8243; _module_preset=&#8220;default&#8220; text_font=&#8220;Open Sans||||||||&#8220; text_text_color=&#8220;#000000&#8243; text_font_size=&#8220;14px&#8220; custom_padding=&#8220;|90px|47px|90px|false|false&#8220; custom_padding_tablet=&#8220;||66px|90px|false|false&#8220; custom_padding_phone=&#8220;|30px|66px|30px|false|false&#8220; custom_padding_last_edited=&#8220;on|phone&#8220; global_colors_info=&#8220;{}&#8220;]<\/p>\n<p style=\"text-align: justify;\">Suchen Sie ein Unternehmen, in dem Sie Ihre Karriere vorantreiben, ehrgeizige Ziele verwirklichen und dauerhafte Gesch\u00e4ftsbeziehungen aufbauen k\u00f6nnen? IMPULS-LEASING Polska entwickelt sich seit Jahren dynamisch auf dem Markt und bietet seinen Mitarbeitern und Partnern reale Entwicklungs- und Erfolgsm\u00f6glichkeiten. Unsere gr\u00f6\u00dfte St\u00e4rke sind unsere Mitarbeiter \u2013 ihr Engagement, ihr Unternehmergeist und ihre Leidenschaft f\u00fcr Dienstleistungen auf h\u00f6chstem Niveau. Gemeinsam schaffen wir ein Arbeitsumfeld, das Innovation, Kompetenzentwicklung und die Verwirklichung beruflicher Tr\u00e4ume f\u00f6rdert.   <\/p>\n<p style=\"text-align: justify;\">Wenn Sie unsere Werte teilen, Professionalit\u00e4t und Offenheit sch\u00e4tzen und einen echten Einfluss auf den Erfolg unserer Kunden und die Gestaltung des Leasingmarktes in Polen haben m\u00f6chten, dann freuen wir uns auf Sie!<\/p>\n<p style=\"text-align: justify;\"><strong>Bewerben Sie sich noch heute und gestalten Sie Ihre Zukunft mit IMPULS-LEASING Polska!<\/strong><\/p>\n<p>[\/et_pb_text][\/et_pb_column][\/et_pb_row][\/et_pb_section][et_pb_section fb_built=&#8220;1&#8243; module_id=&#8220;aktuelle-angebote&#8220; _builder_version=&#8220;4.27.4&#8243; background_color=&#8220;#f6f6f6&#8243; locked=&#8220;off&#8220; global_colors_info=&#8220;{}&#8220;][et_pb_row _builder_version=&#8220;4.17.3&#8243; _module_preset=&#8220;default&#8220; global_colors_info=&#8220;{}&#8220;][et_pb_column type=&#8220;4_4&#8243; _builder_version=&#8220;4.17.3&#8243; _module_preset=&#8220;default&#8220; global_colors_info=&#8220;{}&#8220;][et_pb_image src=&#8220;https:\/\/impuls-leasing.pl\/wp-content\/uploads\/2025\/06\/baner_niemiecki.jpg&#8220; title_text=&#8220;baner_niemiecki&#8220; url=&#8220;https:\/\/system.erecruiter.pl\/FormTemplates\/RecruitmentForm.aspx?WebID=f9c57c244b8240518fb7125826517811&#8243; url_new_window=&#8220;on&#8220; force_fullwidth=&#8220;on&#8220; _builder_version=&#8220;4.27.4&#8243; _module_preset=&#8220;default&#8220; module_alignment=&#8220;center&#8220; custom_margin=&#8220;-46px||||false|false&#8220; global_colors_info=&#8220;{}&#8220;][\/et_pb_image][et_pb_text module_id=&#8220;aktualne-oferty&#8220; _builder_version=&#8220;4.27.4&#8243; _module_preset=&#8220;default&#8220; custom_margin=&#8220;16px||||false|false&#8220; global_colors_info=&#8220;{}&#8220;]<\/p>\n<h3>Aktuelle Stellenangebote<\/h3>\n<p>[\/et_pb_text][\/et_pb_column][\/et_pb_row][et_pb_row disabled_on=&#8220;off|off|off&#8220; _builder_version=&#8220;4.16&#8243; global_colors_info=&#8220;{}&#8220;][et_pb_column type=&#8220;4_4&#8243; _builder_version=&#8220;4.16&#8243; global_colors_info=&#8220;{}&#8220;][et_pb_code _builder_version=&#8220;4.24.2&#8243; global_colors_info=&#8220;{}&#8220;]<\/p>\n<div id=\"SkkContainer\"><\/div>\n<p><!-- [et_pb_line_break_holder] --><script type=\"text\/javascript\" src=\"https:\/\/skk.erecruiter.pl\/Code.ashx?cfg=63f52427-6de3-4694-b17f-aa0a9d67b866&#038;HtmlContainerId=SkkContainer&#038;v2=True\"><\/script>[\/et_pb_code][\/et_pb_column][\/et_pb_row][\/et_pb_section][et_pb_section fb_built=&#8220;1&#8243; custom_padding_last_edited=&#8220;on|phone&#8220; _builder_version=&#8220;4.27.4&#8243; _module_preset=&#8220;default&#8220; background_color=&#8220;#AACC00&#8243; custom_padding=&#8220;10px||10px||false|false&#8220; custom_padding_tablet=&#8220;10px||10px||false|false&#8220; custom_padding_phone=&#8220;10px||44px||false|false&#8220; locked=&#8220;off&#8220; global_colors_info=&#8220;{}&#8220;][et_pb_row column_structure=&#8220;1_2,1_2&#8243; use_custom_gutter=&#8220;on&#8220; gutter_width=&#8220;1&#8243; _builder_version=&#8220;4.27.4&#8243; _module_preset=&#8220;default&#8220; custom_padding=&#8220;6px||6px||false|false&#8220; global_colors_info=&#8220;{}&#8220;][et_pb_column type=&#8220;1_2&#8243; _builder_version=&#8220;4.27.4&#8243; _module_preset=&#8220;default&#8220; global_colors_info=&#8220;{}&#8220;][et_pb_heading title=&#8220;IMPULS-LEASING Gruppe: Unser internationales Netzwerk&#8220; _builder_version=&#8220;4.27.4&#8243; _module_preset=&#8220;default&#8220; title_font=&#8220;Open Sans||||||||&#8220; title_text_color=&#8220;#FFFFFF&#8220; title_font_size=&#8220;28px&#8220; title_line_height=&#8220;1.2em&#8220; custom_margin=&#8220;22px||0px||false|false&#8220; custom_padding=&#8220;||10px||false|false&#8220; global_colors_info=&#8220;{}&#8220;][\/et_pb_heading][et_pb_text _builder_version=&#8220;4.27.4&#8243; _module_preset=&#8220;default&#8220; text_font=&#8220;Open Sans||||||||&#8220; text_text_color=&#8220;#FFFFFF&#8220; text_font_size=&#8220;14px&#8220; text_line_height=&#8220;21px&#8220; custom_margin=&#8220;0px||||false|false&#8220; custom_padding=&#8220;0px||||false|false&#8220; global_colors_info=&#8220;{}&#8220;]<\/p>\n<p>Entdecken Sie individuelle Leasingl\u00f6sungen der IMPULS-LEASING Gruppe. Mit 40 Standorten in \u00d6sterreich, Deutschland, Tschechien, Kroatien, Polen und Rum\u00e4nien ist die IMPULS-LEASING Gruppe ein zuverl\u00e4ssiger Partner f\u00fcr finanzielle Flexibilit\u00e4t und nachhaltigen Erfolg. Vertrauen Sie unserer Expertise und profitieren Sie von unserer regionalen Pr\u00e4senz, um Ihre Unternehmensziele zu erreichen!  <\/p>\n<p>[\/et_pb_text][et_pb_button button_url=&#8220;https:\/\/impuls-leasing.pl\/de\/impuls-leasing-gruppe\/&#8220; button_text=&#8220;Mehr \u00fcber die IMPULS-LEASING Gruppe&#8220; button_alignment=&#8220;left&#8220; button_alignment_tablet=&#8220;left&#8220; button_alignment_phone=&#8220;center&#8220; button_alignment_last_edited=&#8220;on|phone&#8220; _builder_version=&#8220;4.27.4&#8243; _module_preset=&#8220;default&#8220; custom_button=&#8220;on&#8220; button_text_size=&#8220;14px&#8220; button_text_color=&#8220;#FFFFFF&#8220; button_border_width=&#8220;1px&#8220; button_border_radius=&#8220;0px&#8220; button_font=&#8220;Open Sans|700|||||||&#8220; custom_margin=&#8220;30px||||false|false&#8220; custom_margin_tablet=&#8220;30px||||false|false&#8220; custom_margin_phone=&#8220;30px||34px||false|false&#8220; custom_margin_last_edited=&#8220;on|phone&#8220; custom_padding=&#8220;14px|40px|14px|40px|false|false&#8220; custom_padding_tablet=&#8220;14px||14px|40px|false|false&#8220; custom_padding_phone=&#8220;14px|30px|14px|30px|false|false&#8220; custom_padding_last_edited=&#8220;on|phone&#8220; custom_css_main_element=&#8220;width: 320px;||margin: 0 auto;&#8220; global_colors_info=&#8220;{}&#8220;][\/et_pb_button][\/et_pb_column][et_pb_column type=&#8220;1_2&#8243; _builder_version=&#8220;4.27.4&#8243; _module_preset=&#8220;default&#8220; global_colors_info=&#8220;{}&#8220;][et_pb_image src=&#8220;https:\/\/impuls-leasing.pl\/wp-content\/uploads\/2025\/03\/IMPULS-Leasing-Gruppe-Netzwerk.jpg&#8220; title_text=&#8220;IMPULS-LEASING-Gruppe&#8220; align_tablet=&#8220;&#8220; align_phone=&#8220;&#8220; align_last_edited=&#8220;on|phone&#8220; _builder_version=&#8220;4.27.4&#8243; _module_preset=&#8220;default&#8220; width=&#8220;88.6%&#8220; min_height=&#8220;340px&#8220; custom_margin=&#8220;||||false|false&#8220; custom_padding=&#8220;|||30px|false|false&#8220; custom_padding_tablet=&#8220;|||30px|false|false&#8220; custom_padding_phone=&#8220;|10px||10px|false|false&#8220; custom_padding_last_edited=&#8220;on|phone&#8220; global_colors_info=&#8220;{}&#8220;][\/et_pb_image][\/et_pb_column][\/et_pb_row][\/et_pb_section]<\/p>\n","protected":false},"excerpt":{"rendered":"<p>Werden Sie Teil von IMPULS-LEASING PolskaKommen Sie zu uns und entwickeln Sie Ihre Karriere mit den Besten! &nbsp;<div class=\"et_pb_module dsm_button dsm_button_0 et_pb_bg_layout_light\">\n\t\t\t\t\n\t\t\t\t\n\t\t\t\t\n\t\t\t\t\n\t\t\t\t\n\t\t\t\t\n\t\t\t\t<div class=\"et_pb_module_inner\">\n\t\t\t\t\t<div class=\"et_pb_button_module_wrappers dsm_button_0_wrapper  et_pb_module\">\n\t\t\t\t<a class=\"et_pb_button et_pb_button_one et_pb_custom_button_icon et_pb_bg_layout_light dsm-none \"  href=#aktuelle-angebote data-icon=\"&#x24;\" data-dsm-lightbox-id=\"dsm_button_one_lightbox dsm_button_0\"><span>Offene Stellen ansehen<\/span><\/a>\n\t\t\t<\/div>\n\t\t\t\t<\/div>\n\t\t\t<\/div>Bewerbung und AuswahlFinden Sie eine interessante Stellenanzeige und bewerben Sie sich. Wir pr\u00fcfen jede Bewerbung sorgf\u00e4ltig und vergleichen Ihre Kompetenzen mit unseren aktuellen Anforderungen. Wenn Ihre Erfahrung und F\u00e4higkeiten dem Profil des gesuchten Kandidaten entsprechen, werden wir uns mit Ihnen in Verbindung setzen und Sie zu einem Vorstellungsgespr\u00e4ch einladen. Vorstellungsgespr\u00e4ch und Bewerbungsgespr\u00e4cheW\u00e4hrend des Vorstellungsgespr\u00e4chs m\u00f6chten wir Ihre Erfahrungen, F\u00e4higkeiten und gegenseitigen Erwartungen hinsichtlich der Zusammenarbeit n\u00e4her kennenlernen. Je nach Position kann der Bewerbungsprozess ein oder mehrere Treffen umfassen. Bei Bewerbungen f\u00fcr F\u00fchrungspositionen laden wir Sie auch zu einem Treffen mit der Gesch\u00e4ftsleitung ein. R\u00fcckmeldungNach jeder Phase des Bewerbungsverfahrens erhalten Sie von uns eine R\u00fcckmeldung \u2013 unabh\u00e4ngig vom Ergebnis des Verfahrens. Wenn unsere Entscheidung positiv ausf\u00e4llt, unterbreiten wir Ihnen ein Stellenangebot und laden Sie ein, einen neuen Abschnitt Ihrer Karriere bei IMPULS-LEASING Polska zu beginnen. Suchen Sie ein Unternehmen, in dem Sie Ihre Karriere vorantreiben, ehrgeizige Ziele verwirklichen und dauerhafte Gesch\u00e4ftsbeziehungen aufbauen k\u00f6nnen? IMPULS-LEASING Polska entwickelt sich seit Jahren dynamisch auf dem Markt und [&hellip;]<\/p>\n","protected":false},"author":1,"featured_media":0,"parent":0,"menu_order":0,"comment_status":"closed","ping_status":"closed","template":"","meta":{"_et_pb_use_builder":"on","_et_pb_old_content":"","_et_gb_content_width":"","inline_featured_image":false,"footnotes":""},"class_list":["post-8556","page","type-page","status-publish","hentry"],"yoast_head":"<!-- This site is optimized with the Yoast SEO plugin v27.2 - https:\/\/yoast.com\/product\/yoast-seo-wordpress\/ -->\n<title>Karriere bei IMPULS-LEASING Polska<\/title>\n<meta name=\"description\" content=\"Entwickeln Sie sich in einem dynamischen Finanzunternehmen weiter. Sehen Sie sich die aktuellen Stellenangebote an und bewerben Sie sich noch heute.\" \/>\n<meta name=\"robots\" content=\"index, follow, max-snippet:-1, max-image-preview:large, max-video-preview:-1\" \/>\n<link rel=\"canonical\" href=\"https:\/\/impuls-leasing.pl\/de\/werden-sie-teil-von-impuls-leasing-polska\/\" \/>\n<meta property=\"og:locale\" content=\"de_DE\" \/>\n<meta property=\"og:type\" content=\"article\" \/>\n<meta property=\"og:title\" content=\"Karriere bei IMPULS-LEASING Polska\" \/>\n<meta property=\"og:description\" content=\"Entwickeln Sie sich in einem dynamischen Finanzunternehmen weiter. Sehen Sie sich die aktuellen Stellenangebote an und bewerben Sie sich noch heute.\" \/>\n<meta property=\"og:url\" content=\"https:\/\/impuls-leasing.pl\/de\/werden-sie-teil-von-impuls-leasing-polska\/\" \/>\n<meta property=\"og:site_name\" content=\"IMPULS-LEASING Polska\" \/>\n<meta property=\"article:modified_time\" content=\"2025-11-15T01:44:29+00:00\" \/>\n<meta name=\"twitter:card\" content=\"summary_large_image\" \/>\n<meta name=\"twitter:label1\" content=\"Gesch\u00e4tzte Lesezeit\" \/>\n\t<meta name=\"twitter:data1\" content=\"9\u00a0Minuten\" \/>\n<script type=\"application\/ld+json\" class=\"yoast-schema-graph\">{\"@context\":\"https:\/\/schema.org\",\"@graph\":[{\"@type\":\"WebPage\",\"@id\":\"https:\/\/impuls-leasing.pl\/de\/werden-sie-teil-von-impuls-leasing-polska\/\",\"url\":\"https:\/\/impuls-leasing.pl\/de\/werden-sie-teil-von-impuls-leasing-polska\/\",\"name\":\"Karriere bei IMPULS-LEASING Polska\",\"isPartOf\":{\"@id\":\"https:\/\/impuls-leasing.pl\/de\/#website\"},\"datePublished\":\"2025-10-08T15:05:48+00:00\",\"dateModified\":\"2025-11-15T01:44:29+00:00\",\"description\":\"Entwickeln Sie sich in einem dynamischen Finanzunternehmen weiter. Sehen Sie sich die aktuellen Stellenangebote an und bewerben Sie sich noch heute.\",\"breadcrumb\":{\"@id\":\"https:\/\/impuls-leasing.pl\/de\/werden-sie-teil-von-impuls-leasing-polska\/#breadcrumb\"},\"inLanguage\":\"de\",\"potentialAction\":[{\"@type\":\"ReadAction\",\"target\":[\"https:\/\/impuls-leasing.pl\/de\/werden-sie-teil-von-impuls-leasing-polska\/\"]}]},{\"@type\":\"BreadcrumbList\",\"@id\":\"https:\/\/impuls-leasing.pl\/de\/werden-sie-teil-von-impuls-leasing-polska\/#breadcrumb\",\"itemListElement\":[{\"@type\":\"ListItem\",\"position\":1,\"name\":\"Strona g\u0142\u00f3wna\",\"item\":\"https:\/\/impuls-leasing.pl\/de\/\"},{\"@type\":\"ListItem\",\"position\":2,\"name\":\"Werden Sie Teil von IMPULS-LEASING Polska\"}]},{\"@type\":\"WebSite\",\"@id\":\"https:\/\/impuls-leasing.pl\/de\/#website\",\"url\":\"https:\/\/impuls-leasing.pl\/de\/\",\"name\":\"IMPULS-LEASING Polska\",\"description\":\"finansowanie dla firm\",\"potentialAction\":[{\"@type\":\"SearchAction\",\"target\":{\"@type\":\"EntryPoint\",\"urlTemplate\":\"https:\/\/impuls-leasing.pl\/de\/?s={search_term_string}\"},\"query-input\":{\"@type\":\"PropertyValueSpecification\",\"valueRequired\":true,\"valueName\":\"search_term_string\"}}],\"inLanguage\":\"de\"}]}<\/script>\n<!-- \/ Yoast SEO plugin. -->","yoast_head_json":{"title":"Karriere bei IMPULS-LEASING Polska","description":"Entwickeln Sie sich in einem dynamischen Finanzunternehmen weiter. Sehen Sie sich die aktuellen Stellenangebote an und bewerben Sie sich noch heute.","robots":{"index":"index","follow":"follow","max-snippet":"max-snippet:-1","max-image-preview":"max-image-preview:large","max-video-preview":"max-video-preview:-1"},"canonical":"https:\/\/impuls-leasing.pl\/de\/werden-sie-teil-von-impuls-leasing-polska\/","og_locale":"de_DE","og_type":"article","og_title":"Karriere bei IMPULS-LEASING Polska","og_description":"Entwickeln Sie sich in einem dynamischen Finanzunternehmen weiter. Sehen Sie sich die aktuellen Stellenangebote an und bewerben Sie sich noch heute.","og_url":"https:\/\/impuls-leasing.pl\/de\/werden-sie-teil-von-impuls-leasing-polska\/","og_site_name":"IMPULS-LEASING Polska","article_modified_time":"2025-11-15T01:44:29+00:00","twitter_card":"summary_large_image","twitter_misc":{"Gesch\u00e4tzte Lesezeit":"9\u00a0Minuten"},"schema":{"@context":"https:\/\/schema.org","@graph":[{"@type":"WebPage","@id":"https:\/\/impuls-leasing.pl\/de\/werden-sie-teil-von-impuls-leasing-polska\/","url":"https:\/\/impuls-leasing.pl\/de\/werden-sie-teil-von-impuls-leasing-polska\/","name":"Karriere bei IMPULS-LEASING Polska","isPartOf":{"@id":"https:\/\/impuls-leasing.pl\/de\/#website"},"datePublished":"2025-10-08T15:05:48+00:00","dateModified":"2025-11-15T01:44:29+00:00","description":"Entwickeln Sie sich in einem dynamischen Finanzunternehmen weiter. Sehen Sie sich die aktuellen Stellenangebote an und bewerben Sie sich noch heute.","breadcrumb":{"@id":"https:\/\/impuls-leasing.pl\/de\/werden-sie-teil-von-impuls-leasing-polska\/#breadcrumb"},"inLanguage":"de","potentialAction":[{"@type":"ReadAction","target":["https:\/\/impuls-leasing.pl\/de\/werden-sie-teil-von-impuls-leasing-polska\/"]}]},{"@type":"BreadcrumbList","@id":"https:\/\/impuls-leasing.pl\/de\/werden-sie-teil-von-impuls-leasing-polska\/#breadcrumb","itemListElement":[{"@type":"ListItem","position":1,"name":"Strona g\u0142\u00f3wna","item":"https:\/\/impuls-leasing.pl\/de\/"},{"@type":"ListItem","position":2,"name":"Werden Sie Teil von IMPULS-LEASING Polska"}]},{"@type":"WebSite","@id":"https:\/\/impuls-leasing.pl\/de\/#website","url":"https:\/\/impuls-leasing.pl\/de\/","name":"IMPULS-LEASING Polska","description":"finansowanie dla firm","potentialAction":[{"@type":"SearchAction","target":{"@type":"EntryPoint","urlTemplate":"https:\/\/impuls-leasing.pl\/de\/?s={search_term_string}"},"query-input":{"@type":"PropertyValueSpecification","valueRequired":true,"valueName":"search_term_string"}}],"inLanguage":"de"}]}},"_links":{"self":[{"href":"https:\/\/impuls-leasing.pl\/de\/wp-json\/wp\/v2\/pages\/8556","targetHints":{"allow":["GET"]}}],"collection":[{"href":"https:\/\/impuls-leasing.pl\/de\/wp-json\/wp\/v2\/pages"}],"about":[{"href":"https:\/\/impuls-leasing.pl\/de\/wp-json\/wp\/v2\/types\/page"}],"author":[{"embeddable":true,"href":"https:\/\/impuls-leasing.pl\/de\/wp-json\/wp\/v2\/users\/1"}],"replies":[{"embeddable":true,"href":"https:\/\/impuls-leasing.pl\/de\/wp-json\/wp\/v2\/comments?post=8556"}],"version-history":[{"count":7,"href":"https:\/\/impuls-leasing.pl\/de\/wp-json\/wp\/v2\/pages\/8556\/revisions"}],"predecessor-version":[{"id":8616,"href":"https:\/\/impuls-leasing.pl\/de\/wp-json\/wp\/v2\/pages\/8556\/revisions\/8616"}],"wp:attachment":[{"href":"https:\/\/impuls-leasing.pl\/de\/wp-json\/wp\/v2\/media?parent=8556"}],"curies":[{"name":"wp","href":"https:\/\/api.w.org\/{rel}","templated":true}]}}