{"id":7402,"date":"2025-04-22T03:30:14","date_gmt":"2025-04-22T01:30:14","guid":{"rendered":"https:\/\/impuls-leasing.pl\/management-board-of-impuls-leasing-polska\/"},"modified":"2026-04-17T15:58:28","modified_gmt":"2026-04-17T13:58:28","slug":"management-board-of-impuls-leasing-polska","status":"publish","type":"page","link":"https:\/\/impuls-leasing.pl\/en\/management-board-of-impuls-leasing-polska\/","title":{"rendered":"Management Board of IMPULS-LEASING Polska"},"content":{"rendered":"<p>[et_pb_section fb_built=&#8221;1&#8243; _builder_version=&#8221;4.27.4&#8243; use_background_color_gradient=&#8221;on&#8221; background_color_gradient_direction=&#8221;360deg&#8221; background_color_gradient_stops=&#8221;rgba(255,255,255,0) 65%|rgba(0,0,0,0.45) 100%&#8221; background_color_gradient_overlays_image=&#8221;on&#8221; background_color_gradient_start=&#8221;rgba(255,255,255,0)&#8221; background_color_gradient_start_position=&#8221;51%&#8221; background_color_gradient_end=&#8221;rgba(0,0,0,0.45)&#8221; background_image=&#8221;https:\/\/impuls-leasing.pl\/wp-content\/uploads\/2025\/04\/impuls-leasing-zarzad-bg-02-img.jpg&#8221; min_height=&#8221;545px&#8221; min_height_tablet=&#8221;auto&#8221; min_height_phone=&#8221;200px&#8221; min_height_last_edited=&#8221;on|phone&#8221; custom_padding=&#8221;34px||0px||false|false&#8221; background_last_edited=&#8221;on|phone&#8221; use_background_color_gradient_phone=&#8221;on&#8221; background_color_gradient_direction_phone=&#8221;180deg&#8221; background_color_gradient_stops_phone=&#8221;rgba(255,255,255,0) 51%|rgba(0,0,0,0.45) 100%&#8221; custom_css_main_element=&#8221;display: flex;||align-items: flex-start;\t||&#8221; locked=&#8221;off&#8221; global_colors_info=&#8221;{}&#8221; custom_css_main_element_last_edited=&#8221;on|tablet&#8221; custom_css_main_element_tablet=&#8221;display:block;||&#8221; custom_css_main_element_phone=&#8221;display: flex;||align-items: flex-end;\t||&#8221;][et_pb_row _builder_version=&#8221;4.27.4&#8243; background_enable_color=&#8221;off&#8221; max_width=&#8221;1110px&#8221; module_alignment=&#8221;center&#8221; custom_margin=&#8221;0px|0px|0px|0px|false|false&#8221; custom_padding=&#8221;|0px|10px|0px|false|false&#8221; border_radii=&#8221;on|4px|4px|4px|4px&#8221; global_colors_info=&#8221;{}&#8221;][et_pb_column type=&#8221;4_4&#8243; _builder_version=&#8221;4.27.4&#8243; global_colors_info=&#8221;{}&#8221;][et_pb_text _builder_version=&#8221;4.27.4&#8243; text_font=&#8221;Open Sans|600|||||||&#8221; text_text_color=&#8221;#FFFFFF&#8221; text_font_size=&#8221;36px&#8221; ul_line_height=&#8221;1.4em&#8221; header_font=&#8221;Montserrat|||on|||||&#8221; header_text_align=&#8221;left&#8221; header_text_color=&#8221;#ffffff&#8221; custom_margin=&#8221;||20px||false|false&#8221; custom_padding=&#8221;||||false|true&#8221; text_font_size_tablet=&#8221;36px&#8221; text_font_size_phone=&#8221;24px&#8221; text_font_size_last_edited=&#8221;on|desktop&#8221; header_text_shadow_style=&#8221;preset1&#8243; global_colors_info=&#8221;{}&#8221;]<\/p>\n<p>Management Board of IMPULS-LEASING Polska<\/p>\n<p>and IMPULS-INSURANCE Polska<\/p>\n<p>[\/et_pb_text][\/et_pb_column][\/et_pb_row][\/et_pb_section][et_pb_section fb_built=&#8221;1&#8243; _builder_version=&#8221;4.27.4&#8243; _module_preset=&#8221;default&#8221; background_color=&#8221;#f6f6f6&#8243; custom_margin=&#8221;0px||||false|false&#8221; custom_padding=&#8221;0px||0px||false|false&#8221; saved_tabs=&#8221;all&#8221; locked=&#8221;off&#8221; global_colors_info=&#8221;{}&#8221;][et_pb_row column_structure=&#8221;1_3,2_3&#8243; use_custom_gutter=&#8221;on&#8221; gutter_width=&#8221;2&#8243; admin_label=&#8221;Wiersz&#8221; _builder_version=&#8221;4.27.4&#8243; _module_preset=&#8221;default&#8221; max_width=&#8221;1110px&#8221; custom_padding=&#8221;34px||0px||false|false&#8221; global_colors_info=&#8221;{}&#8221;][et_pb_column type=&#8221;1_3&#8243; _builder_version=&#8221;4.27.4&#8243; _module_preset=&#8221;default&#8221; background_color=&#8221;#FFFFFF&#8221; global_colors_info=&#8221;{}&#8221;][dsm_card title=&#8221;Izabela Jolanta Korczakowska&#8221; image=&#8221;https:\/\/impuls-leasing.pl\/wp-content\/uploads\/2025\/04\/impuls-leasing-zarzad-karolina-korczakowska-02-img.jpg&#8221; image_as_background=&#8221;off&#8221; button_url_new_window=&#8221;1&#8243; module_class=&#8221;.moja-karta&#8221; _builder_version=&#8221;4.27.4&#8243; _module_preset=&#8221;default&#8221; header_font=&#8221;Open Sans|700|||||||&#8221; header_text_color=&#8221;#000000&#8243; header_font_size=&#8221;16px&#8221; header_line_height=&#8221;2em&#8221; body_font=&#8221;Open Sans|600|||||||&#8221; body_text_color=&#8221;#000000&#8243; body_font_size=&#8221;12px&#8221; body_line_height=&#8221;1.5em&#8221; subhead_font=&#8221;Open Sans||||||||&#8221; subhead_text_color=&#8221;#000000&#8243; subhead_font_size=&#8221;11px&#8221; subhead_line_height=&#8221;1.8em&#8221; background_color=&#8221;#FFFFFF&#8221; custom_margin=&#8221;||0px||false|false&#8221; custom_padding=&#8221;||0px||false|false&#8221; custom_css_main_element=&#8221;.et_pb_ds_card_subtitle {||  padding-top: 0px !important; \/* lub 0px, je\u015bli chcesz usun\u0105\u0107 ca\u0142kowicie *\/||}&#8221; global_colors_info=&#8221;{}&#8221;]<\/p>\n<p>President of the Management Board, IMPULS-LEASING Polska<br \/>President of the Management Board, IMPULS-INSURANCE Polska<\/p>\n<p>[\/dsm_card][\/et_pb_column][et_pb_column type=&#8221;2_3&#8243; _builder_version=&#8221;4.27.4&#8243; _module_preset=&#8221;default&#8221; background_color=&#8221;#FFFFFF&#8221; border_width_left=&#8221;5px&#8221; border_color_left=&#8221;#aacc00&#8243; global_colors_info=&#8221;{}&#8221;][et_pb_heading title=&#8221;Izabela Jolanta Korczakowska&#8221; _builder_version=&#8221;4.27.4&#8243; _module_preset=&#8221;default&#8221; title_font=&#8221;Open Sans|700|||||||&#8221; title_font_size=&#8221;16px&#8221; custom_margin=&#8221;||0px||false|false&#8221; custom_padding=&#8221;47px|60px|13px|60px|false|false&#8221; custom_padding_tablet=&#8221;47px|60px|13px|60px|false|false&#8221; custom_padding_phone=&#8221;47px|30px|13px|30px|false|false&#8221; custom_padding_last_edited=&#8221;on|phone&#8221; global_colors_info=&#8221;{}&#8221;][\/et_pb_heading][et_pb_text _builder_version=&#8221;4.27.4&#8243; _module_preset=&#8221;default&#8221; text_font=&#8221;Open Sans||||||||&#8221; text_text_color=&#8221;#000000&#8243; text_font_size=&#8221;14px&#8221; text_orientation=&#8221;justified&#8221; custom_padding=&#8221;|60px|47px|60px|false|false&#8221; custom_padding_tablet=&#8221;|60px|47px|60px|false|false&#8221; custom_padding_phone=&#8221;|30px|47px|30px|false|false&#8221; custom_padding_last_edited=&#8221;on|phone&#8221; global_colors_info=&#8221;{}&#8221;]<\/p>\n<p>Izabela Jolanta Korczakowska has been President of the Management Board of IMPULS-LEASING Polska since July 2025, and since October 2024 she has also been President of the Management Board of IMPULS-INSURANCE Polska. She began her career at the IMPULS-LEASING Group in July 2024, taking up the position of Member of the Management Board of IMPULS-LEASING Polska and Member of the Management Board of IMPULS-INSURANCE Polska. She brings over 20 years of experience in sales, business development, project management, and people leadership. She has been active in the financial industry since 2013.<\/p>\n<p>From November 2021 to May 2024, she served as Commercial Director at Societe Generale Equipment Finance. Between 2013 and 2021, she worked within the EFL Group, holding the following positions: Account Management Director at Carefleet (CFM) (2013\u20132016), Deputy Director of the EFL Sales Network Department (2016\u20132018), Director of Sales and Customer Service Process Management (2018\u20132020), Director of Remote Sales and Partner Relations (2020\u20132021).<\/p>\n<p>In addition to her financial industry experience, she held management positions in the logistics and freight forwarding sector, including at PANALPINA SA (now DSV Global Forwarding), where she was responsible for establishing and later managing the sales and customer service departments.<\/p>\n<p>She is a graduate of the Wroc\u0142aw University of Economics and completed postgraduate studies in International Supply Chain Logistics at the International University of Logistics and Transport in Wroc\u0142aw, as well as in Sales Management at the WSB University in Wroc\u0142aw.<\/p>\n<p>[\/et_pb_text][\/et_pb_column][\/et_pb_row][\/et_pb_section][et_pb_section fb_built=&#8221;1&#8243; _builder_version=&#8221;4.27.4&#8243; _module_preset=&#8221;default&#8221; background_color=&#8221;#f6f6f6&#8243; custom_margin=&#8221;||0px||false|false&#8221; custom_padding=&#8221;||50px||false|false&#8221; saved_tabs=&#8221;all&#8221; locked=&#8221;off&#8221; global_colors_info=&#8221;{}&#8221;][et_pb_row column_structure=&#8221;1_3,2_3&#8243; use_custom_gutter=&#8221;on&#8221; gutter_width=&#8221;2&#8243; admin_label=&#8221;Wiersz&#8221; _builder_version=&#8221;4.27.4&#8243; _module_preset=&#8221;default&#8221; max_width=&#8221;1110px&#8221; custom_padding=&#8221;0px||0px||false|false&#8221; global_colors_info=&#8221;{}&#8221;][et_pb_column type=&#8221;1_3&#8243; _builder_version=&#8221;4.27.4&#8243; _module_preset=&#8221;default&#8221; background_color=&#8221;#FFFFFF&#8221; global_colors_info=&#8221;{}&#8221;][dsm_card title=&#8221;Micha\u0142 Karni\u0142owicz&#8221; image=&#8221;https:\/\/impuls-leasing.pl\/wp-content\/uploads\/2026\/04\/GOR_3508-Edit-scaled.jpg&#8221; image_as_background=&#8221;off&#8221; button_url_new_window=&#8221;1&#8243; module_class=&#8221;.moja-karta&#8221; _builder_version=&#8221;4.27.4&#8243; _module_preset=&#8221;default&#8221; header_font=&#8221;Open Sans|700|||||||&#8221; header_text_color=&#8221;#000000&#8243; header_font_size=&#8221;16px&#8221; header_line_height=&#8221;2em&#8221; body_font=&#8221;Open Sans|600|||||||&#8221; body_text_color=&#8221;#000000&#8243; body_font_size=&#8221;12px&#8221; body_line_height=&#8221;1.5em&#8221; subhead_font=&#8221;Open Sans||||||||&#8221; subhead_text_color=&#8221;#000000&#8243; subhead_font_size=&#8221;11px&#8221; subhead_line_height=&#8221;1.8em&#8221; background_color=&#8221;#FFFFFF&#8221; custom_margin=&#8221;||0px||false|false&#8221; custom_padding=&#8221;||0px||false|false&#8221; hover_enabled=&#8221;0&#8243; custom_css_main_element=&#8221;.et_pb_ds_card_subtitle {||  padding-top: 0px !important; \/* lub 0px, je\u015bli chcesz usun\u0105\u0107 ca\u0142kowicie *\/||}&#8221; global_colors_info=&#8221;{}&#8221; title_text=&#8221;GOR_3508-Edit&#8221; sticky_enabled=&#8221;0&#8243;]<\/p>\n<p>Member of the Management Board, IMPULS-LEASING Polska<br \/>Member of the Management Board, IMPULS-INSURANCE Polska<\/p>\n<p>[\/dsm_card][\/et_pb_column][et_pb_column type=&#8221;2_3&#8243; _builder_version=&#8221;4.27.4&#8243; _module_preset=&#8221;default&#8221; background_color=&#8221;#FFFFFF&#8221; border_width_left=&#8221;5px&#8221; border_color_left=&#8221;#aacc00&#8243; global_colors_info=&#8221;{}&#8221;][et_pb_heading title=&#8221;Micha\u0142 Karni\u0142owicz&#8221; _builder_version=&#8221;4.27.4&#8243; _module_preset=&#8221;default&#8221; title_font=&#8221;Open Sans|700|||||||&#8221; title_font_size=&#8221;16px&#8221; custom_margin=&#8221;||0px||false|false&#8221; custom_padding=&#8221;47px|60px|13px|60px|false|false&#8221; custom_padding_tablet=&#8221;47px|60px|13px|60px|false|false&#8221; custom_padding_phone=&#8221;47px|30px|13px|30px|false|false&#8221; custom_padding_last_edited=&#8221;on|phone&#8221; global_colors_info=&#8221;{}&#8221;][\/et_pb_heading][et_pb_text _builder_version=&#8221;4.27.4&#8243; _module_preset=&#8221;default&#8221; text_font=&#8221;Open Sans||||||||&#8221; text_text_color=&#8221;#000000&#8243; text_font_size=&#8221;14px&#8221; text_orientation=&#8221;justified&#8221; custom_padding=&#8221;|60px|47px|60px|false|false&#8221; custom_padding_tablet=&#8221;|60px|47px|60px|false|false&#8221; custom_padding_phone=&#8221;|30px|47px|30px|false|false&#8221; custom_padding_last_edited=&#8221;on|phone&#8221; global_colors_info=&#8221;{}&#8221;]<\/p>\n<p>Micha\u0142 Karni\u0142owicz is a Member of the Management Board of IMPULS-LEASING Polska and IMPULS-INSURANCE Polska, responsible for the Back Office area since September 2025. He has been associated with the IMPULS-LEASING Group since 2022, when he took up the position of Chief Financial Officer.<\/p>\n<p>He has nearly 20 years of professional experience in the financial services industry, gained in managerial positions in Poland and in the Central and Eastern Europe region. He specializes in financial management, risk management, back-office processes, and the implementation of technological innovations, including automation and artificial intelligence solutions. At the IMPULS-LEASING Group, he was responsible for shaping the strategy for the use of artificial intelligence, and the team he led designed and implemented an internal AI assistant to increase the efficiency of the entire organization.<\/p>\n<p>Before joining the IMPULS-LEASING Group, he worked, among others, at Digital Care Group as Finance Manager, where he co-created an international business model for mobile device rental (Poland, Baltic countries, South Africa). He also served as EEA Finance Manager at Caterpillar Financial Services, responsible for finance in nine Eastern European countries, and as Finance Director at CFM &#8211; Business Lease Poland. Previously, he gained experience at the AXA Group, KBC Group, and Ernst &amp; Young.<\/p>\n<p>Micha\u0142 Karni\u0142owicz is a graduate of the Warsaw School of Economics with a degree in Finance and Accounting. He holds internationally recognized professional qualifications ACMA, CGMA, certified by CIMA and AICPA, as well as the title of Chartered Sustainable Finance Manager (CSFM).<\/p>\n<p>[\/et_pb_text][\/et_pb_column][\/et_pb_row][\/et_pb_section]<\/p>\n","protected":false},"excerpt":{"rendered":"<p>Management Board of IMPULS-LEASING Polska and IMPULS-INSURANCE Polska<div class=\"et_pb_module dsm_card dsm_card_0 .moja-karta et_pb_bg_layout_light  dsm_card_layout_stacked\">\n\t\t\t\t\n\t\t\t\t\n\t\t\t\t\n\t\t\t\t\n\t\t\t\t\n\t\t\t\t\n\t\t\t\t<div class=\"et_pb_module_inner\">\n\t\t\t\t\t\n\t\t\t\n\t\t\t<figure class=\"dsm_card_image_wrapper dsm_card_badge_top_right\"><img decoding=\"async\" src=\"https:\/\/impuls-leasing.pl\/wp-content\/uploads\/2025\/04\/impuls-leasing-zarzad-karolina-korczakowska-02-img.jpg\" alt=\"\" srcset=\"https:\/\/impuls-leasing.pl\/wp-content\/uploads\/2025\/04\/impuls-leasing-zarzad-karolina-korczakowska-02-img.jpg 696w, https:\/\/impuls-leasing.pl\/wp-content\/uploads\/2025\/04\/impuls-leasing-zarzad-karolina-korczakowska-02-img-480x479.jpg 480w\" sizes=\"(min-width: 0px) and (max-width: 480px) 480px, (min-width: 481px) 696px, 100vw\" class=\"dsm_card_img dsm_card_image_stretch\" \/><\/figure>\n\t\t\t<div class=\"et_pb_module dsm_card_wrapper et_pb_text_align_left\">\n\t\t\t\t\t\n\t\t\t\t\t<h4 class=\"dsm_card_title et_pb_module_header\">Izabela Jolanta Korczakowska<\/h4>\n\t\t\t\t\t\n\t\t\t\t\t<div class=\"dsm_card_description\">President of the Management Board, IMPULS-LEASING PolskaPresident of the Management Board, IMPULS-INSURANCE Polska<\/div>\n\t\t\t\t\t\n\t\t\t\t<\/div>\n\t\t\t\n\t\t\t\t<\/div>\n\t\t\t<\/div>Izabela Jolanta Korczakowska has been President of the Management Board of IMPULS-LEASING Polska since July 2025, and since October 2024 she has also been President of the Management Board of IMPULS-INSURANCE Polska. She began her career at the IMPULS-LEASING Group in July 2024, taking up the position of Member of the Management Board of IMPULS-LEASING Polska and Member of the Management Board of IMPULS-INSURANCE Polska. She brings over 20 years of experience in sales, business development, project management, and people leadership. She has been active in the financial industry since 2013. From November 2021 to May 2024, she served as Commercial Director at Societe Generale Equipment Finance. Between 2013 and 2021, she worked within the EFL Group, holding the following positions: Account Management Director at Carefleet (CFM) (2013\u20132016), Deputy Director of the EFL Sales Network Department (2016\u20132018), Director of Sales [&hellip;]<\/p>\n","protected":false},"author":1,"featured_media":0,"parent":0,"menu_order":0,"comment_status":"closed","ping_status":"closed","template":"","meta":{"_et_pb_use_builder":"on","_et_pb_old_content":"","_et_gb_content_width":"","inline_featured_image":false,"footnotes":""},"class_list":["post-7402","page","type-page","status-publish","hentry"],"yoast_head":"<!-- This site is optimized with the Yoast SEO plugin v27.2 - https:\/\/yoast.com\/product\/yoast-seo-wordpress\/ -->\n<title>Company Management - IMPULS-LEASING Polska<\/title>\n<meta name=\"description\" content=\"Meet the leaders of IMPULS-LEASING Polska. Their many years of experience in the financial industry ensure the company\u2019s stability and growth.\" \/>\n<meta name=\"robots\" content=\"index, follow, max-snippet:-1, max-image-preview:large, max-video-preview:-1\" \/>\n<link rel=\"canonical\" href=\"https:\/\/impuls-leasing.pl\/en\/management-board-of-impuls-leasing-polska\/\" \/>\n<meta property=\"og:locale\" content=\"en_US\" \/>\n<meta property=\"og:type\" content=\"article\" \/>\n<meta property=\"og:title\" content=\"Company Management - IMPULS-LEASING Polska\" \/>\n<meta property=\"og:description\" content=\"Meet the leaders of IMPULS-LEASING Polska. Their many years of experience in the financial industry ensure the company\u2019s stability and growth.\" \/>\n<meta property=\"og:url\" content=\"https:\/\/impuls-leasing.pl\/en\/management-board-of-impuls-leasing-polska\/\" \/>\n<meta property=\"og:site_name\" content=\"IMPULS-LEASING Polska\" \/>\n<meta property=\"article:modified_time\" content=\"2026-04-17T13:58:28+00:00\" \/>\n<meta name=\"twitter:card\" content=\"summary_large_image\" \/>\n<meta name=\"twitter:label1\" content=\"Est. reading time\" \/>\n\t<meta name=\"twitter:data1\" content=\"7 minutes\" \/>\n<script type=\"application\/ld+json\" class=\"yoast-schema-graph\">{\"@context\":\"https:\/\/schema.org\",\"@graph\":[{\"@type\":\"WebPage\",\"@id\":\"https:\/\/impuls-leasing.pl\/en\/management-board-of-impuls-leasing-polska\/\",\"url\":\"https:\/\/impuls-leasing.pl\/en\/management-board-of-impuls-leasing-polska\/\",\"name\":\"Company Management - IMPULS-LEASING Polska\",\"isPartOf\":{\"@id\":\"https:\/\/impuls-leasing.pl\/en\/#website\"},\"datePublished\":\"2025-04-22T01:30:14+00:00\",\"dateModified\":\"2026-04-17T13:58:28+00:00\",\"description\":\"Meet the leaders of IMPULS-LEASING Polska. Their many years of experience in the financial industry ensure the company\u2019s stability and growth.\",\"breadcrumb\":{\"@id\":\"https:\/\/impuls-leasing.pl\/en\/management-board-of-impuls-leasing-polska\/#breadcrumb\"},\"inLanguage\":\"en-US\",\"potentialAction\":[{\"@type\":\"ReadAction\",\"target\":[\"https:\/\/impuls-leasing.pl\/en\/management-board-of-impuls-leasing-polska\/\"]}]},{\"@type\":\"BreadcrumbList\",\"@id\":\"https:\/\/impuls-leasing.pl\/en\/management-board-of-impuls-leasing-polska\/#breadcrumb\",\"itemListElement\":[{\"@type\":\"ListItem\",\"position\":1,\"name\":\"Strona g\u0142\u00f3wna\",\"item\":\"https:\/\/impuls-leasing.pl\/en\/\"},{\"@type\":\"ListItem\",\"position\":2,\"name\":\"Management Board of IMPULS-LEASING Polska\"}]},{\"@type\":\"WebSite\",\"@id\":\"https:\/\/impuls-leasing.pl\/en\/#website\",\"url\":\"https:\/\/impuls-leasing.pl\/en\/\",\"name\":\"IMPULS-LEASING Polska\",\"description\":\"finansowanie dla firm\",\"potentialAction\":[{\"@type\":\"SearchAction\",\"target\":{\"@type\":\"EntryPoint\",\"urlTemplate\":\"https:\/\/impuls-leasing.pl\/en\/?s={search_term_string}\"},\"query-input\":{\"@type\":\"PropertyValueSpecification\",\"valueRequired\":true,\"valueName\":\"search_term_string\"}}],\"inLanguage\":\"en-US\"}]}<\/script>\n<!-- \/ Yoast SEO plugin. -->","yoast_head_json":{"title":"Company Management - IMPULS-LEASING Polska","description":"Meet the leaders of IMPULS-LEASING Polska. Their many years of experience in the financial industry ensure the company\u2019s stability and growth.","robots":{"index":"index","follow":"follow","max-snippet":"max-snippet:-1","max-image-preview":"max-image-preview:large","max-video-preview":"max-video-preview:-1"},"canonical":"https:\/\/impuls-leasing.pl\/en\/management-board-of-impuls-leasing-polska\/","og_locale":"en_US","og_type":"article","og_title":"Company Management - IMPULS-LEASING Polska","og_description":"Meet the leaders of IMPULS-LEASING Polska. Their many years of experience in the financial industry ensure the company\u2019s stability and growth.","og_url":"https:\/\/impuls-leasing.pl\/en\/management-board-of-impuls-leasing-polska\/","og_site_name":"IMPULS-LEASING Polska","article_modified_time":"2026-04-17T13:58:28+00:00","twitter_card":"summary_large_image","twitter_misc":{"Est. reading time":"7 minutes"},"schema":{"@context":"https:\/\/schema.org","@graph":[{"@type":"WebPage","@id":"https:\/\/impuls-leasing.pl\/en\/management-board-of-impuls-leasing-polska\/","url":"https:\/\/impuls-leasing.pl\/en\/management-board-of-impuls-leasing-polska\/","name":"Company Management - IMPULS-LEASING Polska","isPartOf":{"@id":"https:\/\/impuls-leasing.pl\/en\/#website"},"datePublished":"2025-04-22T01:30:14+00:00","dateModified":"2026-04-17T13:58:28+00:00","description":"Meet the leaders of IMPULS-LEASING Polska. Their many years of experience in the financial industry ensure the company\u2019s stability and growth.","breadcrumb":{"@id":"https:\/\/impuls-leasing.pl\/en\/management-board-of-impuls-leasing-polska\/#breadcrumb"},"inLanguage":"en-US","potentialAction":[{"@type":"ReadAction","target":["https:\/\/impuls-leasing.pl\/en\/management-board-of-impuls-leasing-polska\/"]}]},{"@type":"BreadcrumbList","@id":"https:\/\/impuls-leasing.pl\/en\/management-board-of-impuls-leasing-polska\/#breadcrumb","itemListElement":[{"@type":"ListItem","position":1,"name":"Strona g\u0142\u00f3wna","item":"https:\/\/impuls-leasing.pl\/en\/"},{"@type":"ListItem","position":2,"name":"Management Board of IMPULS-LEASING Polska"}]},{"@type":"WebSite","@id":"https:\/\/impuls-leasing.pl\/en\/#website","url":"https:\/\/impuls-leasing.pl\/en\/","name":"IMPULS-LEASING Polska","description":"finansowanie dla firm","potentialAction":[{"@type":"SearchAction","target":{"@type":"EntryPoint","urlTemplate":"https:\/\/impuls-leasing.pl\/en\/?s={search_term_string}"},"query-input":{"@type":"PropertyValueSpecification","valueRequired":true,"valueName":"search_term_string"}}],"inLanguage":"en-US"}]}},"_links":{"self":[{"href":"https:\/\/impuls-leasing.pl\/en\/wp-json\/wp\/v2\/pages\/7402","targetHints":{"allow":["GET"]}}],"collection":[{"href":"https:\/\/impuls-leasing.pl\/en\/wp-json\/wp\/v2\/pages"}],"about":[{"href":"https:\/\/impuls-leasing.pl\/en\/wp-json\/wp\/v2\/types\/page"}],"author":[{"embeddable":true,"href":"https:\/\/impuls-leasing.pl\/en\/wp-json\/wp\/v2\/users\/1"}],"replies":[{"embeddable":true,"href":"https:\/\/impuls-leasing.pl\/en\/wp-json\/wp\/v2\/comments?post=7402"}],"version-history":[{"count":8,"href":"https:\/\/impuls-leasing.pl\/en\/wp-json\/wp\/v2\/pages\/7402\/revisions"}],"predecessor-version":[{"id":9587,"href":"https:\/\/impuls-leasing.pl\/en\/wp-json\/wp\/v2\/pages\/7402\/revisions\/9587"}],"wp:attachment":[{"href":"https:\/\/impuls-leasing.pl\/en\/wp-json\/wp\/v2\/media?parent=7402"}],"curies":[{"name":"wp","href":"https:\/\/api.w.org\/{rel}","templated":true}]}}